{"id":116,"date":"2021-12-02T22:42:17","date_gmt":"2021-12-02T21:42:17","guid":{"rendered":"https:\/\/www.avocats-cormeilles.com\/?page_id=116"},"modified":"2024-02-25T16:21:32","modified_gmt":"2024-02-25T15:21:32","slug":"contacter-stephanie-tauzin","status":"publish","type":"page","link":"https:\/\/www.avocats-cormeilles.com\/index.php\/contacter-stephanie-tauzin\/","title":{"rendered":"Contacter Ma\u00eetre St\u00e9phanie TAUZIN"},"content":{"rendered":"\n<div class=\"wp-block-columns is-layout-flex wp-container-core-columns-is-layout-28f84493 wp-block-columns-is-layout-flex\">\n<div class=\"wp-block-column is-layout-flow wp-block-column-is-layout-flow\">\n<div class=\"wp-block-columns is-layout-flex wp-container-core-columns-is-layout-28f84493 wp-block-columns-is-layout-flex\">\n<div class=\"wp-block-column is-layout-flow wp-block-column-is-layout-flow\">\n<figure class=\"wp-block-image aligncenter size-full\"><img loading=\"lazy\" decoding=\"async\" width=\"151\" height=\"151\" src=\"https:\/\/www.avocats-cormeilles.com\/wp-content\/uploads\/2021\/12\/st.jpg\" alt=\"St\u00e9phanie TAUZIN\" class=\"wp-image-38\"\/><figcaption class=\"wp-element-caption\">St\u00e9phanie TAUZIN<\/figcaption><\/figure>\n\n\n\n<figure class=\"wp-block-table alignfull is-style-stripes\"><table class=\"has-black-color has-text-color\"><tbody><tr><td>Adresse<\/td><td>15, Avenue FOCH 95240 Cormeilles en Parisis<\/td><\/tr><tr><td>T\u00e9l\u00e9phone<\/td><td> 01 39 78 86 06<\/td><\/tr><tr><td>Portable<\/td><td> 06 20 02 21 19<\/td><\/tr><tr><td>Email<\/td><td><a href=\"mailto:bettina.joly@avocats-cormeilles.com\"> <\/a><a href=\"mailto:tauzin.stephanie@orange.fr\">tauzin.stephanie@orange.fr<\/a> <\/td><\/tr><tr><td>Date de prestation de serment<\/td><td> 07\/02\/2000<\/td><\/tr><tr><td>Barreaux d&rsquo;appartenance<\/td><td>Val-d&rsquo;Oise (Pontoise)<\/td><\/tr><\/tbody><\/table><\/figure>\n<\/div>\n<\/div>\n<\/div>\n<\/div>\n\n\n\n<figure class=\"wp-block-table\"><table><tbody><tr><td>\n<div class=\"wpcf7 no-js\" id=\"wpcf7-f196-o1\" lang=\"fr-FR\" dir=\"ltr\" data-wpcf7-id=\"196\">\n<div class=\"screen-reader-response\"><p role=\"status\" aria-live=\"polite\" aria-atomic=\"true\"><\/p> <ul><\/ul><\/div>\n<form action=\"\/index.php\/wp-json\/wp\/v2\/pages\/116#wpcf7-f196-o1\" method=\"post\" class=\"wpcf7-form init\" aria-label=\"Formulaire de contact\" novalidate=\"novalidate\" data-status=\"init\">\n<fieldset class=\"hidden-fields-container\"><input type=\"hidden\" name=\"_wpcf7\" value=\"196\" \/><input type=\"hidden\" name=\"_wpcf7_version\" value=\"6.1.5\" \/><input type=\"hidden\" name=\"_wpcf7_locale\" value=\"fr_FR\" \/><input type=\"hidden\" name=\"_wpcf7_unit_tag\" value=\"wpcf7-f196-o1\" \/><input type=\"hidden\" name=\"_wpcf7_container_post\" value=\"0\" \/><input type=\"hidden\" name=\"_wpcf7_posted_data_hash\" value=\"\" \/>\n<\/fieldset>\n<p><label> Votre nom<br \/>\n<span class=\"wpcf7-form-control-wrap\" data-name=\"your-name\"><input size=\"40\" maxlength=\"400\" class=\"wpcf7-form-control wpcf7-text wpcf7-validates-as-required\" aria-required=\"true\" aria-invalid=\"false\" value=\"\" type=\"text\" name=\"your-name\" \/><\/span> <\/label>\n<\/p>\n<p><label> Votre e-mail<br \/>\n<span class=\"wpcf7-form-control-wrap\" data-name=\"your-email\"><input size=\"40\" maxlength=\"400\" class=\"wpcf7-form-control wpcf7-email wpcf7-validates-as-required wpcf7-text wpcf7-validates-as-email\" aria-required=\"true\" aria-invalid=\"false\" value=\"\" type=\"email\" name=\"your-email\" \/><\/span> <\/label>\n<\/p>\n<p><label> Sujet<br \/>\n<span class=\"wpcf7-form-control-wrap\" data-name=\"your-subject\"><input size=\"40\" maxlength=\"400\" class=\"wpcf7-form-control wpcf7-text wpcf7-validates-as-required\" aria-required=\"true\" aria-invalid=\"false\" value=\"\" type=\"text\" name=\"your-subject\" \/><\/span> <\/label>\n<\/p>\n<p><label> Votre message<br \/>\n<span class=\"wpcf7-form-control-wrap\" data-name=\"your-message\"><textarea cols=\"40\" rows=\"10\" maxlength=\"2000\" class=\"wpcf7-form-control wpcf7-textarea wpcf7-validates-as-required\" aria-required=\"true\" aria-invalid=\"false\" name=\"your-message\"><\/textarea><\/span> <\/label>\n<\/p>\n<p><span class=\"wpcf7-form-control-wrap\" data-name=\"hcap-cf7\">\t\t<input\n\t\t\t\ttype=\"hidden\"\n\t\t\t\tclass=\"hcaptcha-widget-id\"\n\t\t\t\tname=\"hcaptcha-widget-id\"\n\t\t\t\tvalue=\"eyJzb3VyY2UiOlsiY29udGFjdC1mb3JtLTdcL3dwLWNvbnRhY3QtZm9ybS03LnBocCJdLCJmb3JtX2lkIjoxOTZ9-fc7f5ddc58057390e12495fb877bfc9e\">\n\t\t\t\t<span id=\"hcap_cf7-69fc7d9de56cb2.69677266\" class=\"wpcf7-form-control h-captcha \"\n\t\t\tdata-sitekey=\"84c7cfd0-2bd2-45f2-9e00-854e52dfe6e6\"\n\t\t\tdata-theme=\"light\"\n\t\t\tdata-size=\"invisible\"\n\t\t\tdata-auto=\"false\"\n\t\t\tdata-ajax=\"false\"\n\t\t\tdata-force=\"false\">\n\t\t<\/span>\n\t\t<input type=\"hidden\" id=\"_wpnonce\" name=\"_wpnonce\" value=\"e76c6db8da\" \/><input type=\"hidden\" name=\"_wp_http_referer\" value=\"\/index.php\/wp-json\/wp\/v2\/pages\/116\" \/><\/span><input class=\"wpcf7-form-control wpcf7-submit has-spinner\" type=\"submit\" value=\"Envoyer\" \/>\n<\/p><div class=\"wpcf7-response-output\" aria-hidden=\"true\"><\/div>\n<\/form>\n<\/div>\n<\/td><\/tr><\/tbody><\/table><\/figure>\n","protected":false},"excerpt":{"rendered":"<p>Adresse 15, Avenue FOCH 95240 Cormeilles en Parisis T\u00e9l\u00e9phone 01 39 78 86 06 Portable 06 20 02 21 19 Email tauzin.stephanie@orange.fr [&hellip;]<\/p>\n","protected":false},"author":1,"featured_media":0,"parent":0,"menu_order":0,"comment_status":"closed","ping_status":"closed","template":"","meta":{"footnotes":""},"class_list":["post-116","page","type-page","status-publish","hentry"],"yoast_head":"<!-- This site is optimized with the Yoast SEO plugin v27.5 - https:\/\/yoast.com\/product\/yoast-seo-wordpress\/ -->\n<title>Contacter Ma\u00eetre St\u00e9phanie TAUZIN - cabinet d&#039;avocats de Ma\u00eetre St\u00e9phanie TAUZIN et Ma\u00eetre Bettina JOLY<\/title>\n<meta name=\"robots\" content=\"index, follow, max-snippet:-1, max-image-preview:large, max-video-preview:-1\" \/>\n<link rel=\"canonical\" href=\"https:\/\/www.avocats-cormeilles.com\/index.php\/contacter-stephanie-tauzin\/\" \/>\n<meta property=\"og:locale\" content=\"fr_FR\" \/>\n<meta property=\"og:type\" content=\"article\" \/>\n<meta property=\"og:title\" content=\"Contacter Ma\u00eetre St\u00e9phanie TAUZIN - cabinet d&#039;avocats de Ma\u00eetre St\u00e9phanie TAUZIN et Ma\u00eetre Bettina JOLY\" \/>\n<meta property=\"og:description\" content=\"Adresse 15, Avenue FOCH 95240 Cormeilles en Parisis T\u00e9l\u00e9phone 01 39 78 86 06 Portable 06 20 02 21 19 Email tauzin.stephanie@orange.fr [&hellip;]\" \/>\n<meta property=\"og:url\" content=\"https:\/\/www.avocats-cormeilles.com\/index.php\/contacter-stephanie-tauzin\/\" \/>\n<meta property=\"og:site_name\" content=\"cabinet d&#039;avocats de Ma\u00eetre St\u00e9phanie TAUZIN et Ma\u00eetre Bettina JOLY\" \/>\n<meta property=\"article:modified_time\" content=\"2024-02-25T15:21:32+00:00\" \/>\n<meta property=\"og:image\" content=\"https:\/\/www.avocats-cormeilles.com\/wp-content\/uploads\/2021\/12\/st.jpg\" \/>\n<meta name=\"twitter:card\" content=\"summary_large_image\" \/>\n<meta name=\"twitter:label1\" content=\"Dur\u00e9e de lecture estim\u00e9e\" \/>\n\t<meta name=\"twitter:data1\" content=\"1 minute\" \/>\n<script type=\"application\/ld+json\" class=\"yoast-schema-graph\">{\"@context\":\"https:\\\/\\\/schema.org\",\"@graph\":[{\"@type\":\"WebPage\",\"@id\":\"https:\\\/\\\/www.avocats-cormeilles.com\\\/index.php\\\/contacter-stephanie-tauzin\\\/\",\"url\":\"https:\\\/\\\/www.avocats-cormeilles.com\\\/index.php\\\/contacter-stephanie-tauzin\\\/\",\"name\":\"Contacter Ma\u00eetre St\u00e9phanie TAUZIN - cabinet d&#039;avocats de Ma\u00eetre St\u00e9phanie TAUZIN et Ma\u00eetre Bettina JOLY\",\"isPartOf\":{\"@id\":\"https:\\\/\\\/www.avocats-cormeilles.com\\\/#website\"},\"primaryImageOfPage\":{\"@id\":\"https:\\\/\\\/www.avocats-cormeilles.com\\\/index.php\\\/contacter-stephanie-tauzin\\\/#primaryimage\"},\"image\":{\"@id\":\"https:\\\/\\\/www.avocats-cormeilles.com\\\/index.php\\\/contacter-stephanie-tauzin\\\/#primaryimage\"},\"thumbnailUrl\":\"https:\\\/\\\/www.avocats-cormeilles.com\\\/wp-content\\\/uploads\\\/2021\\\/12\\\/st.jpg\",\"datePublished\":\"2021-12-02T21:42:17+00:00\",\"dateModified\":\"2024-02-25T15:21:32+00:00\",\"breadcrumb\":{\"@id\":\"https:\\\/\\\/www.avocats-cormeilles.com\\\/index.php\\\/contacter-stephanie-tauzin\\\/#breadcrumb\"},\"inLanguage\":\"fr-FR\",\"potentialAction\":[{\"@type\":\"ReadAction\",\"target\":[\"https:\\\/\\\/www.avocats-cormeilles.com\\\/index.php\\\/contacter-stephanie-tauzin\\\/\"]}]},{\"@type\":\"ImageObject\",\"inLanguage\":\"fr-FR\",\"@id\":\"https:\\\/\\\/www.avocats-cormeilles.com\\\/index.php\\\/contacter-stephanie-tauzin\\\/#primaryimage\",\"url\":\"https:\\\/\\\/www.avocats-cormeilles.com\\\/wp-content\\\/uploads\\\/2021\\\/12\\\/st.jpg\",\"contentUrl\":\"https:\\\/\\\/www.avocats-cormeilles.com\\\/wp-content\\\/uploads\\\/2021\\\/12\\\/st.jpg\",\"width\":151,\"height\":151,\"caption\":\"St\u00e9phanie TAUZIN\"},{\"@type\":\"BreadcrumbList\",\"@id\":\"https:\\\/\\\/www.avocats-cormeilles.com\\\/index.php\\\/contacter-stephanie-tauzin\\\/#breadcrumb\",\"itemListElement\":[{\"@type\":\"ListItem\",\"position\":1,\"name\":\"Accueil\",\"item\":\"https:\\\/\\\/www.avocats-cormeilles.com\\\/\"},{\"@type\":\"ListItem\",\"position\":2,\"name\":\"Contacter Ma\u00eetre St\u00e9phanie TAUZIN\"}]},{\"@type\":\"WebSite\",\"@id\":\"https:\\\/\\\/www.avocats-cormeilles.com\\\/#website\",\"url\":\"https:\\\/\\\/www.avocats-cormeilles.com\\\/\",\"name\":\"cabinet d&#039;avocats de Ma\u00eetre St\u00e9phanie TAUZIN et Ma\u00eetre Bettina JOLY\",\"description\":\"95240 Cormeilles\",\"publisher\":{\"@id\":\"https:\\\/\\\/www.avocats-cormeilles.com\\\/#organization\"},\"potentialAction\":[{\"@type\":\"SearchAction\",\"target\":{\"@type\":\"EntryPoint\",\"urlTemplate\":\"https:\\\/\\\/www.avocats-cormeilles.com\\\/?s={search_term_string}\"},\"query-input\":{\"@type\":\"PropertyValueSpecification\",\"valueRequired\":true,\"valueName\":\"search_term_string\"}}],\"inLanguage\":\"fr-FR\"},{\"@type\":\"Organization\",\"@id\":\"https:\\\/\\\/www.avocats-cormeilles.com\\\/#organization\",\"name\":\"Cabinet d'avocats de Bettina JOLY et St\u00e9phanie TAUZIN \u00e0 Cormeilles 95240\",\"url\":\"https:\\\/\\\/www.avocats-cormeilles.com\\\/\",\"logo\":{\"@type\":\"ImageObject\",\"inLanguage\":\"fr-FR\",\"@id\":\"https:\\\/\\\/www.avocats-cormeilles.com\\\/#\\\/schema\\\/logo\\\/image\\\/\",\"url\":\"https:\\\/\\\/www.avocats-cormeilles.com\\\/wp-content\\\/uploads\\\/2021\\\/12\\\/logo.jpg\",\"contentUrl\":\"https:\\\/\\\/www.avocats-cormeilles.com\\\/wp-content\\\/uploads\\\/2021\\\/12\\\/logo.jpg\",\"width\":180,\"height\":100,\"caption\":\"Cabinet d'avocats de Bettina JOLY et St\u00e9phanie TAUZIN \u00e0 Cormeilles 95240\"},\"image\":{\"@id\":\"https:\\\/\\\/www.avocats-cormeilles.com\\\/#\\\/schema\\\/logo\\\/image\\\/\"}}]}<\/script>\n<!-- \/ Yoast SEO plugin. -->","yoast_head_json":{"title":"Contacter Ma\u00eetre St\u00e9phanie TAUZIN - cabinet d&#039;avocats de Ma\u00eetre St\u00e9phanie TAUZIN et Ma\u00eetre Bettina JOLY","robots":{"index":"index","follow":"follow","max-snippet":"max-snippet:-1","max-image-preview":"max-image-preview:large","max-video-preview":"max-video-preview:-1"},"canonical":"https:\/\/www.avocats-cormeilles.com\/index.php\/contacter-stephanie-tauzin\/","og_locale":"fr_FR","og_type":"article","og_title":"Contacter Ma\u00eetre St\u00e9phanie TAUZIN - cabinet d&#039;avocats de Ma\u00eetre St\u00e9phanie TAUZIN et Ma\u00eetre Bettina JOLY","og_description":"Adresse 15, Avenue FOCH 95240 Cormeilles en Parisis T\u00e9l\u00e9phone 01 39 78 86 06 Portable 06 20 02 21 19 Email tauzin.stephanie@orange.fr [&hellip;]","og_url":"https:\/\/www.avocats-cormeilles.com\/index.php\/contacter-stephanie-tauzin\/","og_site_name":"cabinet d&#039;avocats de Ma\u00eetre St\u00e9phanie TAUZIN et Ma\u00eetre Bettina JOLY","article_modified_time":"2024-02-25T15:21:32+00:00","og_image":[{"url":"https:\/\/www.avocats-cormeilles.com\/wp-content\/uploads\/2021\/12\/st.jpg","type":"","width":"","height":""}],"twitter_card":"summary_large_image","twitter_misc":{"Dur\u00e9e de lecture estim\u00e9e":"1 minute"},"schema":{"@context":"https:\/\/schema.org","@graph":[{"@type":"WebPage","@id":"https:\/\/www.avocats-cormeilles.com\/index.php\/contacter-stephanie-tauzin\/","url":"https:\/\/www.avocats-cormeilles.com\/index.php\/contacter-stephanie-tauzin\/","name":"Contacter Ma\u00eetre St\u00e9phanie TAUZIN - cabinet d&#039;avocats de Ma\u00eetre St\u00e9phanie TAUZIN et Ma\u00eetre Bettina JOLY","isPartOf":{"@id":"https:\/\/www.avocats-cormeilles.com\/#website"},"primaryImageOfPage":{"@id":"https:\/\/www.avocats-cormeilles.com\/index.php\/contacter-stephanie-tauzin\/#primaryimage"},"image":{"@id":"https:\/\/www.avocats-cormeilles.com\/index.php\/contacter-stephanie-tauzin\/#primaryimage"},"thumbnailUrl":"https:\/\/www.avocats-cormeilles.com\/wp-content\/uploads\/2021\/12\/st.jpg","datePublished":"2021-12-02T21:42:17+00:00","dateModified":"2024-02-25T15:21:32+00:00","breadcrumb":{"@id":"https:\/\/www.avocats-cormeilles.com\/index.php\/contacter-stephanie-tauzin\/#breadcrumb"},"inLanguage":"fr-FR","potentialAction":[{"@type":"ReadAction","target":["https:\/\/www.avocats-cormeilles.com\/index.php\/contacter-stephanie-tauzin\/"]}]},{"@type":"ImageObject","inLanguage":"fr-FR","@id":"https:\/\/www.avocats-cormeilles.com\/index.php\/contacter-stephanie-tauzin\/#primaryimage","url":"https:\/\/www.avocats-cormeilles.com\/wp-content\/uploads\/2021\/12\/st.jpg","contentUrl":"https:\/\/www.avocats-cormeilles.com\/wp-content\/uploads\/2021\/12\/st.jpg","width":151,"height":151,"caption":"St\u00e9phanie TAUZIN"},{"@type":"BreadcrumbList","@id":"https:\/\/www.avocats-cormeilles.com\/index.php\/contacter-stephanie-tauzin\/#breadcrumb","itemListElement":[{"@type":"ListItem","position":1,"name":"Accueil","item":"https:\/\/www.avocats-cormeilles.com\/"},{"@type":"ListItem","position":2,"name":"Contacter Ma\u00eetre St\u00e9phanie TAUZIN"}]},{"@type":"WebSite","@id":"https:\/\/www.avocats-cormeilles.com\/#website","url":"https:\/\/www.avocats-cormeilles.com\/","name":"cabinet d&#039;avocats de Ma\u00eetre St\u00e9phanie TAUZIN et Ma\u00eetre Bettina JOLY","description":"95240 Cormeilles","publisher":{"@id":"https:\/\/www.avocats-cormeilles.com\/#organization"},"potentialAction":[{"@type":"SearchAction","target":{"@type":"EntryPoint","urlTemplate":"https:\/\/www.avocats-cormeilles.com\/?s={search_term_string}"},"query-input":{"@type":"PropertyValueSpecification","valueRequired":true,"valueName":"search_term_string"}}],"inLanguage":"fr-FR"},{"@type":"Organization","@id":"https:\/\/www.avocats-cormeilles.com\/#organization","name":"Cabinet d'avocats de Bettina JOLY et St\u00e9phanie TAUZIN \u00e0 Cormeilles 95240","url":"https:\/\/www.avocats-cormeilles.com\/","logo":{"@type":"ImageObject","inLanguage":"fr-FR","@id":"https:\/\/www.avocats-cormeilles.com\/#\/schema\/logo\/image\/","url":"https:\/\/www.avocats-cormeilles.com\/wp-content\/uploads\/2021\/12\/logo.jpg","contentUrl":"https:\/\/www.avocats-cormeilles.com\/wp-content\/uploads\/2021\/12\/logo.jpg","width":180,"height":100,"caption":"Cabinet d'avocats de Bettina JOLY et St\u00e9phanie TAUZIN \u00e0 Cormeilles 95240"},"image":{"@id":"https:\/\/www.avocats-cormeilles.com\/#\/schema\/logo\/image\/"}}]}},"_links":{"self":[{"href":"https:\/\/www.avocats-cormeilles.com\/index.php\/wp-json\/wp\/v2\/pages\/116","targetHints":{"allow":["GET"]}}],"collection":[{"href":"https:\/\/www.avocats-cormeilles.com\/index.php\/wp-json\/wp\/v2\/pages"}],"about":[{"href":"https:\/\/www.avocats-cormeilles.com\/index.php\/wp-json\/wp\/v2\/types\/page"}],"author":[{"embeddable":true,"href":"https:\/\/www.avocats-cormeilles.com\/index.php\/wp-json\/wp\/v2\/users\/1"}],"replies":[{"embeddable":true,"href":"https:\/\/www.avocats-cormeilles.com\/index.php\/wp-json\/wp\/v2\/comments?post=116"}],"version-history":[{"count":6,"href":"https:\/\/www.avocats-cormeilles.com\/index.php\/wp-json\/wp\/v2\/pages\/116\/revisions"}],"predecessor-version":[{"id":351,"href":"https:\/\/www.avocats-cormeilles.com\/index.php\/wp-json\/wp\/v2\/pages\/116\/revisions\/351"}],"wp:attachment":[{"href":"https:\/\/www.avocats-cormeilles.com\/index.php\/wp-json\/wp\/v2\/media?parent=116"}],"curies":[{"name":"wp","href":"https:\/\/api.w.org\/{rel}","templated":true}]}}