{"id":378,"date":"2025-05-13T16:53:22","date_gmt":"2025-05-13T14:53:22","guid":{"rendered":"https:\/\/www.avocats-cormeilles.com\/?page_id=378"},"modified":"2025-05-13T16:53:23","modified_gmt":"2025-05-13T14:53:23","slug":"mentions-legales","status":"publish","type":"page","link":"https:\/\/www.avocats-cormeilles.com\/index.php\/mentions-legales\/","title":{"rendered":"Mentions l\u00e9gales"},"content":{"rendered":"\n<div class=\"wp-block-cover is-light\" style=\"min-height:150px;aspect-ratio:unset;\"><img loading=\"lazy\" decoding=\"async\" width=\"640\" height=\"150\" class=\"wp-block-cover__image-background wp-image-315\" alt=\"\" src=\"https:\/\/www.avocats-cormeilles.com\/wp-content\/uploads\/2023\/03\/01_640_150_Presbytere-de-St-Philippe-du-Roule.jpg\" data-object-fit=\"cover\" srcset=\"https:\/\/www.avocats-cormeilles.com\/wp-content\/uploads\/2023\/03\/01_640_150_Presbytere-de-St-Philippe-du-Roule.jpg 640w, https:\/\/www.avocats-cormeilles.com\/wp-content\/uploads\/2023\/03\/01_640_150_Presbytere-de-St-Philippe-du-Roule-300x70.jpg 300w, https:\/\/www.avocats-cormeilles.com\/wp-content\/uploads\/2023\/03\/01_640_150_Presbytere-de-St-Philippe-du-Roule-230x54.jpg 230w, https:\/\/www.avocats-cormeilles.com\/wp-content\/uploads\/2023\/03\/01_640_150_Presbytere-de-St-Philippe-du-Roule-350x82.jpg 350w, https:\/\/www.avocats-cormeilles.com\/wp-content\/uploads\/2023\/03\/01_640_150_Presbytere-de-St-Philippe-du-Roule-480x113.jpg 480w\" sizes=\"auto, (max-width: 640px) 100vw, 640px\" \/><span aria-hidden=\"true\" class=\"wp-block-cover__background has-background-dim-0 has-background-dim\"><\/span><div class=\"wp-block-cover__inner-container is-layout-flow wp-block-cover-is-layout-flow\">\n<p class=\"has-text-align-center has-large-font-size\"><\/p>\n<\/div><\/div>\n\n\n\n<p>Le site \u00abavocats-cormeilles.com\u00bb est le site d\u2019information de la la SCP JOLY TAUZIN. Il est soumis \u00e0 la loi fran\u00e7aise. Les textes et images sont publi\u00e9s sous la responsabilit\u00e9 du directeur de publication et sont susceptibles d\u2019\u00eatre soumis \u00e0 droit d\u2019auteur.<\/p>\n\n\n\n<p><strong><u>Conception du site \/ Direction de la publication :<\/u><\/strong><\/p>\n\n\n\n<p>Ma\u00eetre Bettina JOLY et Ma\u00eetre St\u00e9phanie TAUZIN<\/p>\n\n\n\n<p>Avocats associ\u00e9s au Barreau du Val d\u2019Oise<\/p>\n\n\n\n<p>15 avenue Foch 95240 CORMEILLES EN PARISIS<\/p>\n\n\n\n<p>TEL : 01.39.97.09.54 \/ 01.39.78.86.06<\/p>\n\n\n\n<p><a href=\"mailto:bettina.joly@avocats-cormeilles.com\">bettina.joly@avocats-cormeilles.com<\/a> &nbsp;\/ <a href=\"mailto:tauzin.stephanie@orange.fr\">tauzin.stephanie@orange.fr<\/a><\/p>\n\n\n\n<p><\/p>\n\n\n\n<p><strong><u>H\u00e9bergement du site :<\/u><\/strong><\/p>\n\n\n\n<p>Soci\u00e9t\u00e9 OVH<\/p>\n\n\n\n<p>RCS Lille M\u00e9tropole 424 761 419 00045<br>Code APE 2620Z<br>N\u00b0 TVA : FR 22 424 761 419<br>Si\u00e8ge social : 2 rue Kellermann \u2013 59100 Roubaix \u2013 France<\/p>\n\n\n\n<p><\/p>\n\n\n\n<p><strong><u>Contenus et droits de reproduction :<\/u><\/strong><\/p>\n\n\n\n<p>En application des articles L. 111-1 et L. 123-1 du Code de la Propri\u00e9t\u00e9 Intellectuelle, l\u2019ensemble des contenus de ce site (textes, images, vid\u00e9os et tout m\u00e9dia en g\u00e9n\u00e9ral), sauf mention contraire explicite, est prot\u00e9g\u00e9 par le droit d\u2019auteur.<\/p>\n\n\n\n<p>La reproduction, m\u00eame partielle, des contenus des pages de ce site est strictement interdite.<\/p>\n","protected":false},"excerpt":{"rendered":"<p>Le site \u00abavocats-cormeilles.com\u00bb est le site d\u2019information de la la SCP JOLY TAUZIN. Il est soumis \u00e0 la loi fran\u00e7aise. Les textes [&hellip;]<\/p>\n","protected":false},"author":1,"featured_media":0,"parent":0,"menu_order":0,"comment_status":"closed","ping_status":"closed","template":"","meta":{"footnotes":""},"class_list":["post-378","page","type-page","status-publish","hentry"],"yoast_head":"<!-- This site is optimized with the Yoast SEO plugin v27.5 - https:\/\/yoast.com\/product\/yoast-seo-wordpress\/ -->\n<title>Mentions l\u00e9gales - cabinet d&#039;avocats de Ma\u00eetre St\u00e9phanie TAUZIN et Ma\u00eetre Bettina JOLY<\/title>\n<meta name=\"robots\" content=\"index, follow, max-snippet:-1, max-image-preview:large, max-video-preview:-1\" \/>\n<link rel=\"canonical\" href=\"https:\/\/www.avocats-cormeilles.com\/index.php\/mentions-legales\/\" \/>\n<meta property=\"og:locale\" content=\"fr_FR\" \/>\n<meta property=\"og:type\" content=\"article\" \/>\n<meta property=\"og:title\" content=\"Mentions l\u00e9gales - cabinet d&#039;avocats de Ma\u00eetre St\u00e9phanie TAUZIN et Ma\u00eetre Bettina JOLY\" \/>\n<meta property=\"og:description\" content=\"Le site \u00abavocats-cormeilles.com\u00bb est le site d\u2019information de la la SCP JOLY TAUZIN. Il est soumis \u00e0 la loi fran\u00e7aise. Les textes [&hellip;]\" \/>\n<meta property=\"og:url\" content=\"https:\/\/www.avocats-cormeilles.com\/index.php\/mentions-legales\/\" \/>\n<meta property=\"og:site_name\" content=\"cabinet d&#039;avocats de Ma\u00eetre St\u00e9phanie TAUZIN et Ma\u00eetre Bettina JOLY\" \/>\n<meta property=\"article:modified_time\" content=\"2025-05-13T14:53:23+00:00\" \/>\n<meta property=\"og:image\" content=\"https:\/\/www.avocats-cormeilles.com\/wp-content\/uploads\/2023\/03\/01_640_150_Presbytere-de-St-Philippe-du-Roule.jpg\" \/>\n\t<meta property=\"og:image:width\" content=\"640\" \/>\n\t<meta property=\"og:image:height\" content=\"150\" \/>\n\t<meta property=\"og:image:type\" content=\"image\/jpeg\" \/>\n<meta name=\"twitter:card\" content=\"summary_large_image\" \/>\n<meta name=\"twitter:label1\" content=\"Dur\u00e9e de lecture estim\u00e9e\" \/>\n\t<meta name=\"twitter:data1\" content=\"2 minutes\" \/>\n<script type=\"application\/ld+json\" class=\"yoast-schema-graph\">{\"@context\":\"https:\\\/\\\/schema.org\",\"@graph\":[{\"@type\":\"WebPage\",\"@id\":\"https:\\\/\\\/www.avocats-cormeilles.com\\\/index.php\\\/mentions-legales\\\/\",\"url\":\"https:\\\/\\\/www.avocats-cormeilles.com\\\/index.php\\\/mentions-legales\\\/\",\"name\":\"Mentions l\u00e9gales - cabinet d&#039;avocats de Ma\u00eetre St\u00e9phanie TAUZIN et Ma\u00eetre Bettina JOLY\",\"isPartOf\":{\"@id\":\"https:\\\/\\\/www.avocats-cormeilles.com\\\/#website\"},\"primaryImageOfPage\":{\"@id\":\"https:\\\/\\\/www.avocats-cormeilles.com\\\/index.php\\\/mentions-legales\\\/#primaryimage\"},\"image\":{\"@id\":\"https:\\\/\\\/www.avocats-cormeilles.com\\\/index.php\\\/mentions-legales\\\/#primaryimage\"},\"thumbnailUrl\":\"https:\\\/\\\/www.avocats-cormeilles.com\\\/wp-content\\\/uploads\\\/2023\\\/03\\\/01_640_150_Presbytere-de-St-Philippe-du-Roule.jpg\",\"datePublished\":\"2025-05-13T14:53:22+00:00\",\"dateModified\":\"2025-05-13T14:53:23+00:00\",\"breadcrumb\":{\"@id\":\"https:\\\/\\\/www.avocats-cormeilles.com\\\/index.php\\\/mentions-legales\\\/#breadcrumb\"},\"inLanguage\":\"fr-FR\",\"potentialAction\":[{\"@type\":\"ReadAction\",\"target\":[\"https:\\\/\\\/www.avocats-cormeilles.com\\\/index.php\\\/mentions-legales\\\/\"]}]},{\"@type\":\"ImageObject\",\"inLanguage\":\"fr-FR\",\"@id\":\"https:\\\/\\\/www.avocats-cormeilles.com\\\/index.php\\\/mentions-legales\\\/#primaryimage\",\"url\":\"https:\\\/\\\/www.avocats-cormeilles.com\\\/wp-content\\\/uploads\\\/2023\\\/03\\\/01_640_150_Presbytere-de-St-Philippe-du-Roule.jpg\",\"contentUrl\":\"https:\\\/\\\/www.avocats-cormeilles.com\\\/wp-content\\\/uploads\\\/2023\\\/03\\\/01_640_150_Presbytere-de-St-Philippe-du-Roule.jpg\",\"width\":640,\"height\":150},{\"@type\":\"BreadcrumbList\",\"@id\":\"https:\\\/\\\/www.avocats-cormeilles.com\\\/index.php\\\/mentions-legales\\\/#breadcrumb\",\"itemListElement\":[{\"@type\":\"ListItem\",\"position\":1,\"name\":\"Accueil\",\"item\":\"https:\\\/\\\/www.avocats-cormeilles.com\\\/\"},{\"@type\":\"ListItem\",\"position\":2,\"name\":\"Mentions l\u00e9gales\"}]},{\"@type\":\"WebSite\",\"@id\":\"https:\\\/\\\/www.avocats-cormeilles.com\\\/#website\",\"url\":\"https:\\\/\\\/www.avocats-cormeilles.com\\\/\",\"name\":\"cabinet d&#039;avocats de Ma\u00eetre St\u00e9phanie TAUZIN et Ma\u00eetre Bettina JOLY\",\"description\":\"95240 Cormeilles\",\"publisher\":{\"@id\":\"https:\\\/\\\/www.avocats-cormeilles.com\\\/#organization\"},\"potentialAction\":[{\"@type\":\"SearchAction\",\"target\":{\"@type\":\"EntryPoint\",\"urlTemplate\":\"https:\\\/\\\/www.avocats-cormeilles.com\\\/?s={search_term_string}\"},\"query-input\":{\"@type\":\"PropertyValueSpecification\",\"valueRequired\":true,\"valueName\":\"search_term_string\"}}],\"inLanguage\":\"fr-FR\"},{\"@type\":\"Organization\",\"@id\":\"https:\\\/\\\/www.avocats-cormeilles.com\\\/#organization\",\"name\":\"Cabinet d'avocats de Bettina JOLY et St\u00e9phanie TAUZIN \u00e0 Cormeilles 95240\",\"url\":\"https:\\\/\\\/www.avocats-cormeilles.com\\\/\",\"logo\":{\"@type\":\"ImageObject\",\"inLanguage\":\"fr-FR\",\"@id\":\"https:\\\/\\\/www.avocats-cormeilles.com\\\/#\\\/schema\\\/logo\\\/image\\\/\",\"url\":\"https:\\\/\\\/www.avocats-cormeilles.com\\\/wp-content\\\/uploads\\\/2021\\\/12\\\/logo.jpg\",\"contentUrl\":\"https:\\\/\\\/www.avocats-cormeilles.com\\\/wp-content\\\/uploads\\\/2021\\\/12\\\/logo.jpg\",\"width\":180,\"height\":100,\"caption\":\"Cabinet d'avocats de Bettina JOLY et St\u00e9phanie TAUZIN \u00e0 Cormeilles 95240\"},\"image\":{\"@id\":\"https:\\\/\\\/www.avocats-cormeilles.com\\\/#\\\/schema\\\/logo\\\/image\\\/\"}}]}<\/script>\n<!-- \/ Yoast SEO plugin. -->","yoast_head_json":{"title":"Mentions l\u00e9gales - cabinet d&#039;avocats de Ma\u00eetre St\u00e9phanie TAUZIN et Ma\u00eetre Bettina JOLY","robots":{"index":"index","follow":"follow","max-snippet":"max-snippet:-1","max-image-preview":"max-image-preview:large","max-video-preview":"max-video-preview:-1"},"canonical":"https:\/\/www.avocats-cormeilles.com\/index.php\/mentions-legales\/","og_locale":"fr_FR","og_type":"article","og_title":"Mentions l\u00e9gales - cabinet d&#039;avocats de Ma\u00eetre St\u00e9phanie TAUZIN et Ma\u00eetre Bettina JOLY","og_description":"Le site \u00abavocats-cormeilles.com\u00bb est le site d\u2019information de la la SCP JOLY TAUZIN. Il est soumis \u00e0 la loi fran\u00e7aise. Les textes [&hellip;]","og_url":"https:\/\/www.avocats-cormeilles.com\/index.php\/mentions-legales\/","og_site_name":"cabinet d&#039;avocats de Ma\u00eetre St\u00e9phanie TAUZIN et Ma\u00eetre Bettina JOLY","article_modified_time":"2025-05-13T14:53:23+00:00","og_image":[{"width":640,"height":150,"url":"https:\/\/www.avocats-cormeilles.com\/wp-content\/uploads\/2023\/03\/01_640_150_Presbytere-de-St-Philippe-du-Roule.jpg","type":"image\/jpeg"}],"twitter_card":"summary_large_image","twitter_misc":{"Dur\u00e9e de lecture estim\u00e9e":"2 minutes"},"schema":{"@context":"https:\/\/schema.org","@graph":[{"@type":"WebPage","@id":"https:\/\/www.avocats-cormeilles.com\/index.php\/mentions-legales\/","url":"https:\/\/www.avocats-cormeilles.com\/index.php\/mentions-legales\/","name":"Mentions l\u00e9gales - cabinet d&#039;avocats de Ma\u00eetre St\u00e9phanie TAUZIN et Ma\u00eetre Bettina JOLY","isPartOf":{"@id":"https:\/\/www.avocats-cormeilles.com\/#website"},"primaryImageOfPage":{"@id":"https:\/\/www.avocats-cormeilles.com\/index.php\/mentions-legales\/#primaryimage"},"image":{"@id":"https:\/\/www.avocats-cormeilles.com\/index.php\/mentions-legales\/#primaryimage"},"thumbnailUrl":"https:\/\/www.avocats-cormeilles.com\/wp-content\/uploads\/2023\/03\/01_640_150_Presbytere-de-St-Philippe-du-Roule.jpg","datePublished":"2025-05-13T14:53:22+00:00","dateModified":"2025-05-13T14:53:23+00:00","breadcrumb":{"@id":"https:\/\/www.avocats-cormeilles.com\/index.php\/mentions-legales\/#breadcrumb"},"inLanguage":"fr-FR","potentialAction":[{"@type":"ReadAction","target":["https:\/\/www.avocats-cormeilles.com\/index.php\/mentions-legales\/"]}]},{"@type":"ImageObject","inLanguage":"fr-FR","@id":"https:\/\/www.avocats-cormeilles.com\/index.php\/mentions-legales\/#primaryimage","url":"https:\/\/www.avocats-cormeilles.com\/wp-content\/uploads\/2023\/03\/01_640_150_Presbytere-de-St-Philippe-du-Roule.jpg","contentUrl":"https:\/\/www.avocats-cormeilles.com\/wp-content\/uploads\/2023\/03\/01_640_150_Presbytere-de-St-Philippe-du-Roule.jpg","width":640,"height":150},{"@type":"BreadcrumbList","@id":"https:\/\/www.avocats-cormeilles.com\/index.php\/mentions-legales\/#breadcrumb","itemListElement":[{"@type":"ListItem","position":1,"name":"Accueil","item":"https:\/\/www.avocats-cormeilles.com\/"},{"@type":"ListItem","position":2,"name":"Mentions l\u00e9gales"}]},{"@type":"WebSite","@id":"https:\/\/www.avocats-cormeilles.com\/#website","url":"https:\/\/www.avocats-cormeilles.com\/","name":"cabinet d&#039;avocats de Ma\u00eetre St\u00e9phanie TAUZIN et Ma\u00eetre Bettina JOLY","description":"95240 Cormeilles","publisher":{"@id":"https:\/\/www.avocats-cormeilles.com\/#organization"},"potentialAction":[{"@type":"SearchAction","target":{"@type":"EntryPoint","urlTemplate":"https:\/\/www.avocats-cormeilles.com\/?s={search_term_string}"},"query-input":{"@type":"PropertyValueSpecification","valueRequired":true,"valueName":"search_term_string"}}],"inLanguage":"fr-FR"},{"@type":"Organization","@id":"https:\/\/www.avocats-cormeilles.com\/#organization","name":"Cabinet d'avocats de Bettina JOLY et St\u00e9phanie TAUZIN \u00e0 Cormeilles 95240","url":"https:\/\/www.avocats-cormeilles.com\/","logo":{"@type":"ImageObject","inLanguage":"fr-FR","@id":"https:\/\/www.avocats-cormeilles.com\/#\/schema\/logo\/image\/","url":"https:\/\/www.avocats-cormeilles.com\/wp-content\/uploads\/2021\/12\/logo.jpg","contentUrl":"https:\/\/www.avocats-cormeilles.com\/wp-content\/uploads\/2021\/12\/logo.jpg","width":180,"height":100,"caption":"Cabinet d'avocats de Bettina JOLY et St\u00e9phanie TAUZIN \u00e0 Cormeilles 95240"},"image":{"@id":"https:\/\/www.avocats-cormeilles.com\/#\/schema\/logo\/image\/"}}]}},"_links":{"self":[{"href":"https:\/\/www.avocats-cormeilles.com\/index.php\/wp-json\/wp\/v2\/pages\/378","targetHints":{"allow":["GET"]}}],"collection":[{"href":"https:\/\/www.avocats-cormeilles.com\/index.php\/wp-json\/wp\/v2\/pages"}],"about":[{"href":"https:\/\/www.avocats-cormeilles.com\/index.php\/wp-json\/wp\/v2\/types\/page"}],"author":[{"embeddable":true,"href":"https:\/\/www.avocats-cormeilles.com\/index.php\/wp-json\/wp\/v2\/users\/1"}],"replies":[{"embeddable":true,"href":"https:\/\/www.avocats-cormeilles.com\/index.php\/wp-json\/wp\/v2\/comments?post=378"}],"version-history":[{"count":2,"href":"https:\/\/www.avocats-cormeilles.com\/index.php\/wp-json\/wp\/v2\/pages\/378\/revisions"}],"predecessor-version":[{"id":381,"href":"https:\/\/www.avocats-cormeilles.com\/index.php\/wp-json\/wp\/v2\/pages\/378\/revisions\/381"}],"wp:attachment":[{"href":"https:\/\/www.avocats-cormeilles.com\/index.php\/wp-json\/wp\/v2\/media?parent=378"}],"curies":[{"name":"wp","href":"https:\/\/api.w.org\/{rel}","templated":true}]}}