{"id":50,"date":"2021-12-02T16:47:53","date_gmt":"2021-12-02T15:47:53","guid":{"rendered":"http:\/\/www.avocats-cormeilles.com\/?page_id=50"},"modified":"2024-02-25T16:16:52","modified_gmt":"2024-02-25T15:16:52","slug":"domaines-cabinet-joly-tauzin","status":"publish","type":"page","link":"https:\/\/www.avocats-cormeilles.com\/index.php\/domaines-cabinet-joly-tauzin\/","title":{"rendered":"Domaines d&rsquo;intervention"},"content":{"rendered":"\n<div class=\"wp-block-cover is-light\" style=\"min-height:150px;aspect-ratio:unset;\"><span aria-hidden=\"true\" class=\"wp-block-cover__background has-background-dim-0 has-background-dim\"><\/span><img loading=\"lazy\" decoding=\"async\" width=\"640\" height=\"150\" class=\"wp-block-cover__image-background wp-image-324\" alt=\"\" src=\"https:\/\/www.avocats-cormeilles.com\/wp-content\/uploads\/2023\/03\/10_640_150_palais_justice.jpg\" data-object-fit=\"cover\" srcset=\"https:\/\/www.avocats-cormeilles.com\/wp-content\/uploads\/2023\/03\/10_640_150_palais_justice.jpg 640w, https:\/\/www.avocats-cormeilles.com\/wp-content\/uploads\/2023\/03\/10_640_150_palais_justice-300x70.jpg 300w, https:\/\/www.avocats-cormeilles.com\/wp-content\/uploads\/2023\/03\/10_640_150_palais_justice-230x54.jpg 230w, https:\/\/www.avocats-cormeilles.com\/wp-content\/uploads\/2023\/03\/10_640_150_palais_justice-350x82.jpg 350w, https:\/\/www.avocats-cormeilles.com\/wp-content\/uploads\/2023\/03\/10_640_150_palais_justice-480x113.jpg 480w\" sizes=\"auto, (max-width: 640px) 100vw, 640px\" \/><div class=\"wp-block-cover__inner-container is-layout-flow wp-block-cover-is-layout-flow\">\n<p class=\"has-text-align-center has-large-font-size\"><\/p>\n<\/div><\/div>\n\n\n\n<p>N&rsquo;h\u00e9sitez pas a nous consulter afin de conna\u00eetre vos droits en :<\/p>\n\n\n\n<h2 class=\"wp-block-heading has-medium-font-size\">1. Droit des personnes :<\/h2>\n\n\n\n<ul class=\"wp-block-list\">\n<li>Famille (fixation de droits sur les enfants)<\/li>\n\n\n\n<li>Divorce<\/li>\n\n\n\n<li>Liquidation de r\u00e9gimes matrimoniaux (couples mari\u00e9s)<\/li>\n\n\n\n<li>Liquidation d&rsquo;indivision entre concubins<\/li>\n\n\n\n<li>Liquidation successorale<\/li>\n\n\n\n<li>Changement de r\u00e9gimes matrimoniaux<\/li>\n\n\n\n<li>Filiation<\/li>\n\n\n\n<li>S\u00e9paration<\/li>\n\n\n\n<li>Modification d&rsquo;\u00e9tat civil<\/li>\n\n\n\n<li>Rendez-vous notari\u00e9s<\/li>\n\n\n\n<li>Assistance \u00e9ducative<\/li>\n<\/ul>\n\n\n\n<h2 class=\"wp-block-heading has-medium-font-size\">2. Droit des mineurs :<\/h2>\n\n\n\n<ul class=\"wp-block-list\">\n<li>Assistance des mineurs au p\u00e9nal :\n<ul class=\"wp-block-list\">\n<li>Juge pour enfants<\/li>\n\n\n\n<li>Tribunal pour enfants<\/li>\n<\/ul>\n<\/li>\n\n\n\n<li>Assistance des mineurs au civil<\/li>\n\n\n\n<li>Juge pour enfants<\/li>\n\n\n\n<li>Audition du mineur devant le Juge aux Affaires Familiales (JAF)<\/li>\n<\/ul>\n\n\n\n<h2 class=\"wp-block-heading has-medium-font-size\">3. Droit des victimes (p\u00e9nal et civil) :<\/h2>\n\n\n\n<ul class=\"wp-block-list\">\n<li>Au p\u00e9nal devant :\n<ul class=\"wp-block-list\">\n<li>la Commission d&rsquo;Indemnisation des Victimes d&rsquo;Infraction :indemnisation de pr\u00e9judices en cas d&rsquo;insolvabilit\u00e9 de l&rsquo;auteur, Juge de proximit\u00e9, Tribunal de police, Tribunal Correctionnel<\/li>\n<\/ul>\n<\/li>\n\n\n\n<li>Au civil :\n<ul class=\"wp-block-list\">\n<li>Accidents de la circulation<\/li>\n<\/ul>\n<\/li>\n<\/ul>\n\n\n\n<h2 class=\"wp-block-heading has-medium-font-size\">4. Droit p\u00e9nal :<\/h2>\n\n\n\n<ul class=\"wp-block-list\">\n<li>Convocation devant le Juge de proximit\u00e9, notification d&rsquo;ordonnance p\u00e9nale, Tribunal de police, CRPC, Tribunal correctionnel , le Juge d&rsquo;instruction, Tribunal pour enfants, Le Juge pour enfants, le Juge des libert\u00e9s et de la d\u00e9tention<\/li>\n\n\n\n<li>Garde \u00e0 vue<\/li>\n<\/ul>\n\n\n\n<h2 class=\"wp-block-heading has-medium-font-size\">5. Droit des \u00e9trangers :<\/h2>\n\n\n\n<ul class=\"wp-block-list\">\n<li>Recours contre Ordonnance de Quitter le Territoire Fran\u00e7ais<\/li>\n\n\n\n<li>Recours contre Arr\u00eat\u00e9s de Reconduite \u00e0 la Fronti\u00e8re<\/li>\n\n\n\n<li>Assistance devant le Juge des libert\u00e9s et de la d\u00e9tention<\/li>\n<\/ul>\n\n\n\n<h2 class=\"wp-block-heading has-medium-font-size\">6. Droit des contrats :<\/h2>\n\n\n\n<ul class=\"wp-block-list\">\n<li>Droit de la Consommation<\/li>\n\n\n\n<li>Vente<\/li>\n\n\n\n<li>Vices cach\u00e9s<\/li>\n\n\n\n<li>Baux d&rsquo;habitation, voisinage&#8230;<\/li>\n\n\n\n<li>Nous intervenons devant le Juge des contentieux de la protection, le Tribunal de proximit\u00e9, le Tribunal judiciaire , la Cour d&rsquo;Appel<\/li>\n<\/ul>\n\n\n\n<h2 class=\"wp-block-heading has-medium-font-size\">7. Voies d&rsquo;ex\u00e9cution :<\/h2>\n\n\n\n<ul class=\"wp-block-list\">\n<li>Saisies sur salaire<\/li>\n\n\n\n<li>Saisies de meubles<\/li>\n\n\n\n<li>Saisies sur compte bancaire<\/li>\n\n\n\n<li>Saisies de v\u00e9hicules<\/li>\n<\/ul>\n\n\n\n<h2 class=\"wp-block-heading has-medium-font-size\">8. Droit du travail :<\/h2>\n\n\n\n<ul class=\"wp-block-list\">\n<li>Licenciement<\/li>\n\n\n\n<li>Conseil de Prud&rsquo;hommes<\/li>\n\n\n\n<li>Tribunal des Affaires de S\u00e9curit\u00e9 Sociale<\/li>\n<\/ul>\n\n\n\n<p>Nous intervenons devant tous les Tribunaux et Cours d&rsquo;Appel de France.<\/p>\n","protected":false},"excerpt":{"rendered":"<p>N&rsquo;h\u00e9sitez pas a nous consulter afin de conna\u00eetre vos droits en : 1. Droit des personnes : 2. Droit des mineurs : [&hellip;]<\/p>\n","protected":false},"author":1,"featured_media":0,"parent":0,"menu_order":0,"comment_status":"closed","ping_status":"closed","template":"","meta":{"footnotes":""},"class_list":["post-50","page","type-page","status-publish","hentry"],"yoast_head":"<!-- This site is optimized with the Yoast SEO plugin v27.5 - https:\/\/yoast.com\/product\/yoast-seo-wordpress\/ -->\n<title>Domaines d&#039;intervention - cabinet d&#039;avocats de Ma\u00eetre St\u00e9phanie TAUZIN et Ma\u00eetre Bettina JOLY<\/title>\n<meta name=\"robots\" content=\"index, follow, max-snippet:-1, max-image-preview:large, max-video-preview:-1\" \/>\n<link rel=\"canonical\" href=\"https:\/\/www.avocats-cormeilles.com\/index.php\/domaines-cabinet-joly-tauzin\/\" \/>\n<meta property=\"og:locale\" content=\"fr_FR\" \/>\n<meta property=\"og:type\" content=\"article\" \/>\n<meta property=\"og:title\" content=\"Domaines d&#039;intervention - cabinet d&#039;avocats de Ma\u00eetre St\u00e9phanie TAUZIN et Ma\u00eetre Bettina JOLY\" \/>\n<meta property=\"og:description\" content=\"N&rsquo;h\u00e9sitez pas a nous consulter afin de conna\u00eetre vos droits en : 1. Droit des personnes : 2. Droit des mineurs : [&hellip;]\" \/>\n<meta property=\"og:url\" content=\"https:\/\/www.avocats-cormeilles.com\/index.php\/domaines-cabinet-joly-tauzin\/\" \/>\n<meta property=\"og:site_name\" content=\"cabinet d&#039;avocats de Ma\u00eetre St\u00e9phanie TAUZIN et Ma\u00eetre Bettina JOLY\" \/>\n<meta property=\"article:modified_time\" content=\"2024-02-25T15:16:52+00:00\" \/>\n<meta property=\"og:image\" content=\"https:\/\/www.avocats-cormeilles.com\/wp-content\/uploads\/2023\/03\/10_640_150_palais_justice.jpg\" \/>\n<meta name=\"twitter:card\" content=\"summary_large_image\" \/>\n<meta name=\"twitter:label1\" content=\"Dur\u00e9e de lecture estim\u00e9e\" \/>\n\t<meta name=\"twitter:data1\" content=\"2 minutes\" \/>\n<script type=\"application\/ld+json\" class=\"yoast-schema-graph\">{\"@context\":\"https:\\\/\\\/schema.org\",\"@graph\":[{\"@type\":\"WebPage\",\"@id\":\"https:\\\/\\\/www.avocats-cormeilles.com\\\/index.php\\\/domaines-cabinet-joly-tauzin\\\/\",\"url\":\"https:\\\/\\\/www.avocats-cormeilles.com\\\/index.php\\\/domaines-cabinet-joly-tauzin\\\/\",\"name\":\"Domaines d'intervention - cabinet d&#039;avocats de Ma\u00eetre St\u00e9phanie TAUZIN et Ma\u00eetre Bettina JOLY\",\"isPartOf\":{\"@id\":\"https:\\\/\\\/www.avocats-cormeilles.com\\\/#website\"},\"primaryImageOfPage\":{\"@id\":\"https:\\\/\\\/www.avocats-cormeilles.com\\\/index.php\\\/domaines-cabinet-joly-tauzin\\\/#primaryimage\"},\"image\":{\"@id\":\"https:\\\/\\\/www.avocats-cormeilles.com\\\/index.php\\\/domaines-cabinet-joly-tauzin\\\/#primaryimage\"},\"thumbnailUrl\":\"https:\\\/\\\/www.avocats-cormeilles.com\\\/wp-content\\\/uploads\\\/2023\\\/03\\\/10_640_150_palais_justice.jpg\",\"datePublished\":\"2021-12-02T15:47:53+00:00\",\"dateModified\":\"2024-02-25T15:16:52+00:00\",\"breadcrumb\":{\"@id\":\"https:\\\/\\\/www.avocats-cormeilles.com\\\/index.php\\\/domaines-cabinet-joly-tauzin\\\/#breadcrumb\"},\"inLanguage\":\"fr-FR\",\"potentialAction\":[{\"@type\":\"ReadAction\",\"target\":[\"https:\\\/\\\/www.avocats-cormeilles.com\\\/index.php\\\/domaines-cabinet-joly-tauzin\\\/\"]}]},{\"@type\":\"ImageObject\",\"inLanguage\":\"fr-FR\",\"@id\":\"https:\\\/\\\/www.avocats-cormeilles.com\\\/index.php\\\/domaines-cabinet-joly-tauzin\\\/#primaryimage\",\"url\":\"https:\\\/\\\/www.avocats-cormeilles.com\\\/wp-content\\\/uploads\\\/2023\\\/03\\\/10_640_150_palais_justice.jpg\",\"contentUrl\":\"https:\\\/\\\/www.avocats-cormeilles.com\\\/wp-content\\\/uploads\\\/2023\\\/03\\\/10_640_150_palais_justice.jpg\",\"width\":640,\"height\":150},{\"@type\":\"BreadcrumbList\",\"@id\":\"https:\\\/\\\/www.avocats-cormeilles.com\\\/index.php\\\/domaines-cabinet-joly-tauzin\\\/#breadcrumb\",\"itemListElement\":[{\"@type\":\"ListItem\",\"position\":1,\"name\":\"Accueil\",\"item\":\"https:\\\/\\\/www.avocats-cormeilles.com\\\/\"},{\"@type\":\"ListItem\",\"position\":2,\"name\":\"Domaines d&rsquo;intervention\"}]},{\"@type\":\"WebSite\",\"@id\":\"https:\\\/\\\/www.avocats-cormeilles.com\\\/#website\",\"url\":\"https:\\\/\\\/www.avocats-cormeilles.com\\\/\",\"name\":\"cabinet d&#039;avocats de Ma\u00eetre St\u00e9phanie TAUZIN et Ma\u00eetre Bettina JOLY\",\"description\":\"95240 Cormeilles\",\"publisher\":{\"@id\":\"https:\\\/\\\/www.avocats-cormeilles.com\\\/#organization\"},\"potentialAction\":[{\"@type\":\"SearchAction\",\"target\":{\"@type\":\"EntryPoint\",\"urlTemplate\":\"https:\\\/\\\/www.avocats-cormeilles.com\\\/?s={search_term_string}\"},\"query-input\":{\"@type\":\"PropertyValueSpecification\",\"valueRequired\":true,\"valueName\":\"search_term_string\"}}],\"inLanguage\":\"fr-FR\"},{\"@type\":\"Organization\",\"@id\":\"https:\\\/\\\/www.avocats-cormeilles.com\\\/#organization\",\"name\":\"Cabinet d'avocats de Bettina JOLY et St\u00e9phanie TAUZIN \u00e0 Cormeilles 95240\",\"url\":\"https:\\\/\\\/www.avocats-cormeilles.com\\\/\",\"logo\":{\"@type\":\"ImageObject\",\"inLanguage\":\"fr-FR\",\"@id\":\"https:\\\/\\\/www.avocats-cormeilles.com\\\/#\\\/schema\\\/logo\\\/image\\\/\",\"url\":\"https:\\\/\\\/www.avocats-cormeilles.com\\\/wp-content\\\/uploads\\\/2021\\\/12\\\/logo.jpg\",\"contentUrl\":\"https:\\\/\\\/www.avocats-cormeilles.com\\\/wp-content\\\/uploads\\\/2021\\\/12\\\/logo.jpg\",\"width\":180,\"height\":100,\"caption\":\"Cabinet d'avocats de Bettina JOLY et St\u00e9phanie TAUZIN \u00e0 Cormeilles 95240\"},\"image\":{\"@id\":\"https:\\\/\\\/www.avocats-cormeilles.com\\\/#\\\/schema\\\/logo\\\/image\\\/\"}}]}<\/script>\n<!-- \/ Yoast SEO plugin. -->","yoast_head_json":{"title":"Domaines d'intervention - cabinet d&#039;avocats de Ma\u00eetre St\u00e9phanie TAUZIN et Ma\u00eetre Bettina JOLY","robots":{"index":"index","follow":"follow","max-snippet":"max-snippet:-1","max-image-preview":"max-image-preview:large","max-video-preview":"max-video-preview:-1"},"canonical":"https:\/\/www.avocats-cormeilles.com\/index.php\/domaines-cabinet-joly-tauzin\/","og_locale":"fr_FR","og_type":"article","og_title":"Domaines d'intervention - cabinet d&#039;avocats de Ma\u00eetre St\u00e9phanie TAUZIN et Ma\u00eetre Bettina JOLY","og_description":"N&rsquo;h\u00e9sitez pas a nous consulter afin de conna\u00eetre vos droits en : 1. Droit des personnes : 2. Droit des mineurs : [&hellip;]","og_url":"https:\/\/www.avocats-cormeilles.com\/index.php\/domaines-cabinet-joly-tauzin\/","og_site_name":"cabinet d&#039;avocats de Ma\u00eetre St\u00e9phanie TAUZIN et Ma\u00eetre Bettina JOLY","article_modified_time":"2024-02-25T15:16:52+00:00","og_image":[{"url":"https:\/\/www.avocats-cormeilles.com\/wp-content\/uploads\/2023\/03\/10_640_150_palais_justice.jpg","type":"","width":"","height":""}],"twitter_card":"summary_large_image","twitter_misc":{"Dur\u00e9e de lecture estim\u00e9e":"2 minutes"},"schema":{"@context":"https:\/\/schema.org","@graph":[{"@type":"WebPage","@id":"https:\/\/www.avocats-cormeilles.com\/index.php\/domaines-cabinet-joly-tauzin\/","url":"https:\/\/www.avocats-cormeilles.com\/index.php\/domaines-cabinet-joly-tauzin\/","name":"Domaines d'intervention - cabinet d&#039;avocats de Ma\u00eetre St\u00e9phanie TAUZIN et Ma\u00eetre Bettina JOLY","isPartOf":{"@id":"https:\/\/www.avocats-cormeilles.com\/#website"},"primaryImageOfPage":{"@id":"https:\/\/www.avocats-cormeilles.com\/index.php\/domaines-cabinet-joly-tauzin\/#primaryimage"},"image":{"@id":"https:\/\/www.avocats-cormeilles.com\/index.php\/domaines-cabinet-joly-tauzin\/#primaryimage"},"thumbnailUrl":"https:\/\/www.avocats-cormeilles.com\/wp-content\/uploads\/2023\/03\/10_640_150_palais_justice.jpg","datePublished":"2021-12-02T15:47:53+00:00","dateModified":"2024-02-25T15:16:52+00:00","breadcrumb":{"@id":"https:\/\/www.avocats-cormeilles.com\/index.php\/domaines-cabinet-joly-tauzin\/#breadcrumb"},"inLanguage":"fr-FR","potentialAction":[{"@type":"ReadAction","target":["https:\/\/www.avocats-cormeilles.com\/index.php\/domaines-cabinet-joly-tauzin\/"]}]},{"@type":"ImageObject","inLanguage":"fr-FR","@id":"https:\/\/www.avocats-cormeilles.com\/index.php\/domaines-cabinet-joly-tauzin\/#primaryimage","url":"https:\/\/www.avocats-cormeilles.com\/wp-content\/uploads\/2023\/03\/10_640_150_palais_justice.jpg","contentUrl":"https:\/\/www.avocats-cormeilles.com\/wp-content\/uploads\/2023\/03\/10_640_150_palais_justice.jpg","width":640,"height":150},{"@type":"BreadcrumbList","@id":"https:\/\/www.avocats-cormeilles.com\/index.php\/domaines-cabinet-joly-tauzin\/#breadcrumb","itemListElement":[{"@type":"ListItem","position":1,"name":"Accueil","item":"https:\/\/www.avocats-cormeilles.com\/"},{"@type":"ListItem","position":2,"name":"Domaines d&rsquo;intervention"}]},{"@type":"WebSite","@id":"https:\/\/www.avocats-cormeilles.com\/#website","url":"https:\/\/www.avocats-cormeilles.com\/","name":"cabinet d&#039;avocats de Ma\u00eetre St\u00e9phanie TAUZIN et Ma\u00eetre Bettina JOLY","description":"95240 Cormeilles","publisher":{"@id":"https:\/\/www.avocats-cormeilles.com\/#organization"},"potentialAction":[{"@type":"SearchAction","target":{"@type":"EntryPoint","urlTemplate":"https:\/\/www.avocats-cormeilles.com\/?s={search_term_string}"},"query-input":{"@type":"PropertyValueSpecification","valueRequired":true,"valueName":"search_term_string"}}],"inLanguage":"fr-FR"},{"@type":"Organization","@id":"https:\/\/www.avocats-cormeilles.com\/#organization","name":"Cabinet d'avocats de Bettina JOLY et St\u00e9phanie TAUZIN \u00e0 Cormeilles 95240","url":"https:\/\/www.avocats-cormeilles.com\/","logo":{"@type":"ImageObject","inLanguage":"fr-FR","@id":"https:\/\/www.avocats-cormeilles.com\/#\/schema\/logo\/image\/","url":"https:\/\/www.avocats-cormeilles.com\/wp-content\/uploads\/2021\/12\/logo.jpg","contentUrl":"https:\/\/www.avocats-cormeilles.com\/wp-content\/uploads\/2021\/12\/logo.jpg","width":180,"height":100,"caption":"Cabinet d'avocats de Bettina JOLY et St\u00e9phanie TAUZIN \u00e0 Cormeilles 95240"},"image":{"@id":"https:\/\/www.avocats-cormeilles.com\/#\/schema\/logo\/image\/"}}]}},"_links":{"self":[{"href":"https:\/\/www.avocats-cormeilles.com\/index.php\/wp-json\/wp\/v2\/pages\/50","targetHints":{"allow":["GET"]}}],"collection":[{"href":"https:\/\/www.avocats-cormeilles.com\/index.php\/wp-json\/wp\/v2\/pages"}],"about":[{"href":"https:\/\/www.avocats-cormeilles.com\/index.php\/wp-json\/wp\/v2\/types\/page"}],"author":[{"embeddable":true,"href":"https:\/\/www.avocats-cormeilles.com\/index.php\/wp-json\/wp\/v2\/users\/1"}],"replies":[{"embeddable":true,"href":"https:\/\/www.avocats-cormeilles.com\/index.php\/wp-json\/wp\/v2\/comments?post=50"}],"version-history":[{"count":13,"href":"https:\/\/www.avocats-cormeilles.com\/index.php\/wp-json\/wp\/v2\/pages\/50\/revisions"}],"predecessor-version":[{"id":348,"href":"https:\/\/www.avocats-cormeilles.com\/index.php\/wp-json\/wp\/v2\/pages\/50\/revisions\/348"}],"wp:attachment":[{"href":"https:\/\/www.avocats-cormeilles.com\/index.php\/wp-json\/wp\/v2\/media?parent=50"}],"curies":[{"name":"wp","href":"https:\/\/api.w.org\/{rel}","templated":true}]}}