{"id":54,"date":"2021-12-02T16:50:42","date_gmt":"2021-12-02T15:50:42","guid":{"rendered":"http:\/\/www.avocats-cormeilles.com\/?page_id=54"},"modified":"2024-02-25T16:09:07","modified_gmt":"2024-02-25T15:09:07","slug":"presentation-cabinet-joly-tauzin","status":"publish","type":"page","link":"https:\/\/www.avocats-cormeilles.com\/","title":{"rendered":"Pr\u00e9sentation du cabinet d&rsquo;avocats"},"content":{"rendered":"\n<div class=\"wp-block-cover is-light\" style=\"min-height:150px;aspect-ratio:unset;\"><span aria-hidden=\"true\" class=\"wp-block-cover__background has-background-dim-0 has-background-dim\"><\/span><img loading=\"lazy\" decoding=\"async\" width=\"640\" height=\"150\" class=\"wp-block-cover__image-background wp-image-316\" alt=\"\" src=\"https:\/\/www.avocats-cormeilles.com\/wp-content\/uploads\/2023\/03\/02_640_150_Presbytere-de-St-Philippe-du-Roule.jpg\" data-object-fit=\"cover\" srcset=\"https:\/\/www.avocats-cormeilles.com\/wp-content\/uploads\/2023\/03\/02_640_150_Presbytere-de-St-Philippe-du-Roule.jpg 640w, https:\/\/www.avocats-cormeilles.com\/wp-content\/uploads\/2023\/03\/02_640_150_Presbytere-de-St-Philippe-du-Roule-300x70.jpg 300w, https:\/\/www.avocats-cormeilles.com\/wp-content\/uploads\/2023\/03\/02_640_150_Presbytere-de-St-Philippe-du-Roule-230x54.jpg 230w, https:\/\/www.avocats-cormeilles.com\/wp-content\/uploads\/2023\/03\/02_640_150_Presbytere-de-St-Philippe-du-Roule-350x82.jpg 350w, https:\/\/www.avocats-cormeilles.com\/wp-content\/uploads\/2023\/03\/02_640_150_Presbytere-de-St-Philippe-du-Roule-480x113.jpg 480w\" sizes=\"auto, (max-width: 640px) 100vw, 640px\" \/><div class=\"wp-block-cover__inner-container is-layout-flow wp-block-cover-is-layout-flow\">\n<p class=\"has-text-align-center has-large-font-size\"><\/p>\n<\/div><\/div>\n\n\n\n<p class=\"has-vivid-cyan-blue-color has-text-color has-medium-font-size\"><strong>Bonjour et bienvenue sur le site du cabinet d&rsquo;avocats de Ma\u00eetre St\u00e9phanie TAUZIN et Ma\u00eetre Bettina JOLY<\/strong><\/p>\n\n\n\n<p><strong>Adresse :&nbsp;<\/strong>15, Avenue FOCH 95240 Cormeilles en Parisis.<\/p>\n\n\n\n<p>Le cabinet est ouvert toute l&rsquo;ann\u00e9e du lundi au vendredi de 9h \u00e0 19h, sur rendez-vous.<\/p>\n\n\n\n<p>Ma\u00eetre Bettina JOLY et Ma\u00eetre St\u00e9phanie TAUZIN vous re\u00e7oivent du lundi au vendredi sur rendez-vous.<\/p>\n\n\n\n<p>Vous pouvez contacter Ma\u00eetre Bettina JOLY et Ma\u00eetre St\u00e9phanie TAUZIN par courrier, t\u00e9l\u00e9phone ou courriel.<\/p>\n\n\n\n<p><strong>Prise de rendez-vous<\/strong>&nbsp;: sur simple appel, un rendez-vous sera fix\u00e9 au cours duquel vous pourrez vous entretenir de vos difficult\u00e9s.<\/p>\n\n\n\n<p>Tout acte vous est soumis pour accord.<\/p>\n\n\n\n<p>Vous \u00eates naturellement associ\u00e9s \u00e0 l&rsquo;\u00e9volution de votre dossier.<\/p>\n\n\n\n<ul class=\"wp-block-list\">\n<li><strong>Ma\u00eetre Bettina JOLY :<\/strong>\n<ul class=\"wp-block-list\">\n<li>T\u00e9l\u00e9phone : 01 39 97 09 54<\/li>\n\n\n\n<li>Portable : 06 29 49 24 67<\/li>\n\n\n\n<li>Courriel :\u00a0<a href=\"mailto:bettina.joly@avocats-cormeilles.com\">bettina.joly@avocats-cormeilles.com<\/a><\/li>\n<\/ul>\n<\/li>\n\n\n\n<li><strong>Ma\u00eetre St\u00e9phanie TAUZIN :<\/strong>\n<ul class=\"wp-block-list\">\n<li>T\u00e9l\u00e9phone : 01 39 78 86 06<\/li>\n\n\n\n<li>Portable : 06 20 02 21 19<\/li>\n\n\n\n<li>Courriel :\u00a0<a href=\"mailto:tauzin.stephanie@orange.fr\">tauzin.stephanie@orange.fr<\/a><\/li>\n<\/ul>\n<\/li>\n\n\n\n<li><strong>Secr\u00e9tariat :<\/strong>\n<ul class=\"wp-block-list\">\n<li>T\u00e9l\u00e9phone : 01 34 10 57 99<\/li>\n\n\n\n<li>Jours et horaires d&rsquo;ouverture : Lundi, mardi, jeudi, vendredi<\/li>\n\n\n\n<li>Horaires d&rsquo;ouverture : 9h30-12h 14h-18h<\/li>\n<\/ul>\n<\/li>\n<\/ul>\n\n\n\n<p>N&rsquo;h\u00e9sitez pas \u00e0 laisser un message sur le r\u00e9pondeur en cas d&rsquo;absence.<\/p>\n\n\n\n<p>Fermeture les samedis et dimanches.<\/p>\n\n\n\n<p><strong>Moyens de paiement&nbsp;<\/strong>: ch\u00e8ques bancaires, esp\u00e8ce, mandat cash, virement.<\/p>\n\n\n\n<p><strong><u>INFORMATIONS GENERALES<\/u><\/strong><\/p>\n\n\n\n<p>La SCP JOLY TAUZIN est une Soci\u00e9t\u00e9 Civile Professionnelle d\u2019Avocats inscrite au Barreau du Val d\u2019Oise.<br>Son si\u00e8ge se trouve 15 avenue Foch, 95240 CORMEILLES EN PARISIS.<br>Ses liens de communication sont&nbsp;: site internet&nbsp;: www.avocats-cormeilles.com<br>t\u00e9l.&nbsp;Ma\u00eetre JOLY&nbsp;: 01 39 97 09 54 \u2013 messagerie internet&nbsp;:&nbsp;<a href=\"mailto:bettina.joly@avocats-cormeilles.com\">bettina.joly@avocats-cormeilles.com<\/a>&nbsp;\u2013<br>t\u00e9l.&nbsp;Ma\u00eetre TAUZIN&nbsp;: 01 39 78 86 06 \u2013 messagerie internet&nbsp;:&nbsp;<a href=\"mailto:tauzin.stephanie@orange.fr\">tauzin.stephanie@orange.fr<\/a><br>t\u00e9l.&nbsp;secr\u00e9tariat&nbsp;: 01 34 10 57 99<\/p>\n\n\n\n<p>La SCP JOLY TAUZIN est inscrite au Registre du Commerce et des Soci\u00e9t\u00e9s de PONTOISE sous le n\u00b0533&nbsp;817&nbsp;805.<br>Son num\u00e9ro de TVA Intracommunautaire est&nbsp;: FR 14533817805.<\/p>\n\n\n\n<p>La SCP JOLY TAUZIN est soumise au respect des r\u00e8gles professionnelles \u00e9dict\u00e9es par les textes l\u00e9gislatifs et r\u00e8glementaires r\u00e9gissant la profession d\u2019Avocat, notamment la loi du 27 novembre 1991, les d\u00e9crets des 27 novembre 1991 et 12 juillet 2005, l\u2019arr\u00eat\u00e9 du 5 juillet 1996 aff\u00e9rent \u00e0 la CARPA, le RIN \u00e9dict\u00e9 par le Conseil National des Barreaux et le r\u00e8glement int\u00e9rieur du Barreau du Val d\u2019Oise.<\/p>\n\n\n\n<p>La SCP JOLY TAUZIN dispose d\u2019une police d\u2019assurances applicable \u00e0 toutes ses activit\u00e9s professionnelles autoris\u00e9es, souscrite \u00e0 son profit par le Barreau du Val d\u2019Oise par l\u2019interm\u00e9diaire de la Soci\u00e9t\u00e9 de Courtage des Barreaux, 47 bis Boulevard Carnot \u00e0 13100 AIX EN PROVENCE, et garantissant sa responsabilit\u00e9 professionnelle ainsi que la repr\u00e9sentation des fonds confi\u00e9s.<\/p>\n\n\n\n<p><strong><u>HONORAIRES<\/u><\/strong><\/p>\n\n\n\n<p>Les honoraires d\u00e9volus \u00e0 la SCP JOLY TAUZIN ainsi que les modalit\u00e9s de paiement des frais sont pr\u00e9cis\u00e9ment fix\u00e9s au moyen d\u2019une convention \u00e9crite. Ils peuvent \u00eatre forfaitaires, au taux horaire et comporter un honoraire de r\u00e9sultat lorsque la difficult\u00e9 de l\u2019affaire ou l\u2019enjeu financier le justifie.<\/p>\n\n\n\n<p>Le taux horaire de la SCP JOLY TAUZIN est fix\u00e9 pour l\u2019ann\u00e9e 2024 \u00e0 la somme de 190 \u20ac hors taxes, ledit montant \u00e9t\u00e9 r\u00e9vis\u00e9 de plein droit chaque ann\u00e9e en fonction de l\u2019inflation et des usages professionnels.<\/p>\n\n\n\n<p>Le co\u00fbt forfaitaire de la premi\u00e8re consultation est fix\u00e9 \u00e0 120 \u20ac TTC dans la limite d\u2019une heure, l\u2019heure commenc\u00e9e \u00e9tant due.<\/p>\n\n\n\n<p>En application de l\u2019article L 131-1 du Code de la consommation, toute somme vers\u00e9e \u00e0 valeur d\u2019acompte et ne constitue pas des arrhes.<\/p>\n\n\n\n<p><strong><u>LITIGES &#8211; MEDIATION<\/u><\/strong><\/p>\n\n\n\n<p>Tout litige susceptible de survenir entre un client\u00a0<strong><u>consommateur\u00a0<\/u><\/strong>et la SCP JOLY TAUZIN peut \u00eatre soumis gracieusement \u00e0 l\u2019examen de Madame ou Monsieur le M\u00e9diateur d\u00e9sign\u00e9 par le Barreau du Val d\u2019Oise. (Renseignements disponibles aupr\u00e8s de la Maison de l\u2019Avocat, 6 rue Taillepied, 95300 PONTOISE \u2013 t\u00e9l\u00a0: 01 34 35 39 39 \u2013 site internet\u00a0:\u00a0<a href=\"http:\/\/www.avocat-95.fr\">www.avocat-95.fr<\/a>)<\/p>\n","protected":false},"excerpt":{"rendered":"<p>Bonjour et bienvenue sur le site du cabinet d&rsquo;avocats de Ma\u00eetre St\u00e9phanie TAUZIN et Ma\u00eetre Bettina JOLY Adresse :&nbsp;15, Avenue FOCH 95240 [&hellip;]<\/p>\n","protected":false},"author":1,"featured_media":0,"parent":0,"menu_order":0,"comment_status":"closed","ping_status":"closed","template":"","meta":{"footnotes":""},"class_list":["post-54","page","type-page","status-publish","hentry"],"yoast_head":"<!-- This site is optimized with the Yoast SEO plugin v27.5 - https:\/\/yoast.com\/product\/yoast-seo-wordpress\/ -->\n<title>Pr\u00e9sentation du cabinet d&#039;avocats - cabinet d&#039;avocats de Ma\u00eetre St\u00e9phanie TAUZIN et Ma\u00eetre Bettina JOLY<\/title>\n<meta name=\"robots\" content=\"index, follow, max-snippet:-1, max-image-preview:large, max-video-preview:-1\" \/>\n<link rel=\"canonical\" href=\"https:\/\/www.avocats-cormeilles.com\/\" \/>\n<meta property=\"og:locale\" content=\"fr_FR\" \/>\n<meta property=\"og:type\" content=\"article\" \/>\n<meta property=\"og:title\" content=\"Pr\u00e9sentation du cabinet d&#039;avocats - cabinet d&#039;avocats de Ma\u00eetre St\u00e9phanie TAUZIN et Ma\u00eetre Bettina JOLY\" \/>\n<meta property=\"og:description\" content=\"Bonjour et bienvenue sur le site du cabinet d&rsquo;avocats de Ma\u00eetre St\u00e9phanie TAUZIN et Ma\u00eetre Bettina JOLY Adresse :&nbsp;15, Avenue FOCH 95240 [&hellip;]\" \/>\n<meta property=\"og:url\" content=\"https:\/\/www.avocats-cormeilles.com\/\" \/>\n<meta property=\"og:site_name\" content=\"cabinet d&#039;avocats de Ma\u00eetre St\u00e9phanie TAUZIN et Ma\u00eetre Bettina JOLY\" \/>\n<meta property=\"article:modified_time\" content=\"2024-02-25T15:09:07+00:00\" \/>\n<meta property=\"og:image\" content=\"https:\/\/www.avocats-cormeilles.com\/wp-content\/uploads\/2023\/03\/02_640_150_Presbytere-de-St-Philippe-du-Roule.jpg\" \/>\n<meta name=\"twitter:card\" content=\"summary_large_image\" \/>\n<meta name=\"twitter:label1\" content=\"Dur\u00e9e de lecture estim\u00e9e\" \/>\n\t<meta name=\"twitter:data1\" content=\"4 minutes\" \/>\n<script type=\"application\/ld+json\" class=\"yoast-schema-graph\">{\"@context\":\"https:\\\/\\\/schema.org\",\"@graph\":[{\"@type\":\"WebPage\",\"@id\":\"https:\\\/\\\/www.avocats-cormeilles.com\\\/\",\"url\":\"https:\\\/\\\/www.avocats-cormeilles.com\\\/\",\"name\":\"Pr\u00e9sentation du cabinet d'avocats - cabinet d&#039;avocats de Ma\u00eetre St\u00e9phanie TAUZIN et Ma\u00eetre Bettina JOLY\",\"isPartOf\":{\"@id\":\"https:\\\/\\\/www.avocats-cormeilles.com\\\/#website\"},\"primaryImageOfPage\":{\"@id\":\"https:\\\/\\\/www.avocats-cormeilles.com\\\/#primaryimage\"},\"image\":{\"@id\":\"https:\\\/\\\/www.avocats-cormeilles.com\\\/#primaryimage\"},\"thumbnailUrl\":\"https:\\\/\\\/www.avocats-cormeilles.com\\\/wp-content\\\/uploads\\\/2023\\\/03\\\/02_640_150_Presbytere-de-St-Philippe-du-Roule.jpg\",\"datePublished\":\"2021-12-02T15:50:42+00:00\",\"dateModified\":\"2024-02-25T15:09:07+00:00\",\"breadcrumb\":{\"@id\":\"https:\\\/\\\/www.avocats-cormeilles.com\\\/#breadcrumb\"},\"inLanguage\":\"fr-FR\",\"potentialAction\":[{\"@type\":\"ReadAction\",\"target\":[\"https:\\\/\\\/www.avocats-cormeilles.com\\\/\"]}]},{\"@type\":\"ImageObject\",\"inLanguage\":\"fr-FR\",\"@id\":\"https:\\\/\\\/www.avocats-cormeilles.com\\\/#primaryimage\",\"url\":\"https:\\\/\\\/www.avocats-cormeilles.com\\\/wp-content\\\/uploads\\\/2023\\\/03\\\/02_640_150_Presbytere-de-St-Philippe-du-Roule.jpg\",\"contentUrl\":\"https:\\\/\\\/www.avocats-cormeilles.com\\\/wp-content\\\/uploads\\\/2023\\\/03\\\/02_640_150_Presbytere-de-St-Philippe-du-Roule.jpg\",\"width\":640,\"height\":150},{\"@type\":\"BreadcrumbList\",\"@id\":\"https:\\\/\\\/www.avocats-cormeilles.com\\\/#breadcrumb\",\"itemListElement\":[{\"@type\":\"ListItem\",\"position\":1,\"name\":\"Accueil\",\"item\":\"https:\\\/\\\/www.avocats-cormeilles.com\\\/\"},{\"@type\":\"ListItem\",\"position\":2,\"name\":\"Pr\u00e9sentation du cabinet d&rsquo;avocats\"}]},{\"@type\":\"WebSite\",\"@id\":\"https:\\\/\\\/www.avocats-cormeilles.com\\\/#website\",\"url\":\"https:\\\/\\\/www.avocats-cormeilles.com\\\/\",\"name\":\"cabinet d&#039;avocats de Ma\u00eetre St\u00e9phanie TAUZIN et Ma\u00eetre Bettina JOLY\",\"description\":\"95240 Cormeilles\",\"publisher\":{\"@id\":\"https:\\\/\\\/www.avocats-cormeilles.com\\\/#organization\"},\"potentialAction\":[{\"@type\":\"SearchAction\",\"target\":{\"@type\":\"EntryPoint\",\"urlTemplate\":\"https:\\\/\\\/www.avocats-cormeilles.com\\\/?s={search_term_string}\"},\"query-input\":{\"@type\":\"PropertyValueSpecification\",\"valueRequired\":true,\"valueName\":\"search_term_string\"}}],\"inLanguage\":\"fr-FR\"},{\"@type\":\"Organization\",\"@id\":\"https:\\\/\\\/www.avocats-cormeilles.com\\\/#organization\",\"name\":\"Cabinet d'avocats de Bettina JOLY et St\u00e9phanie TAUZIN \u00e0 Cormeilles 95240\",\"url\":\"https:\\\/\\\/www.avocats-cormeilles.com\\\/\",\"logo\":{\"@type\":\"ImageObject\",\"inLanguage\":\"fr-FR\",\"@id\":\"https:\\\/\\\/www.avocats-cormeilles.com\\\/#\\\/schema\\\/logo\\\/image\\\/\",\"url\":\"https:\\\/\\\/www.avocats-cormeilles.com\\\/wp-content\\\/uploads\\\/2021\\\/12\\\/logo.jpg\",\"contentUrl\":\"https:\\\/\\\/www.avocats-cormeilles.com\\\/wp-content\\\/uploads\\\/2021\\\/12\\\/logo.jpg\",\"width\":180,\"height\":100,\"caption\":\"Cabinet d'avocats de Bettina JOLY et St\u00e9phanie TAUZIN \u00e0 Cormeilles 95240\"},\"image\":{\"@id\":\"https:\\\/\\\/www.avocats-cormeilles.com\\\/#\\\/schema\\\/logo\\\/image\\\/\"}}]}<\/script>\n<!-- \/ Yoast SEO plugin. -->","yoast_head_json":{"title":"Pr\u00e9sentation du cabinet d'avocats - cabinet d&#039;avocats de Ma\u00eetre St\u00e9phanie TAUZIN et Ma\u00eetre Bettina JOLY","robots":{"index":"index","follow":"follow","max-snippet":"max-snippet:-1","max-image-preview":"max-image-preview:large","max-video-preview":"max-video-preview:-1"},"canonical":"https:\/\/www.avocats-cormeilles.com\/","og_locale":"fr_FR","og_type":"article","og_title":"Pr\u00e9sentation du cabinet d'avocats - cabinet d&#039;avocats de Ma\u00eetre St\u00e9phanie TAUZIN et Ma\u00eetre Bettina JOLY","og_description":"Bonjour et bienvenue sur le site du cabinet d&rsquo;avocats de Ma\u00eetre St\u00e9phanie TAUZIN et Ma\u00eetre Bettina JOLY Adresse :&nbsp;15, Avenue FOCH 95240 [&hellip;]","og_url":"https:\/\/www.avocats-cormeilles.com\/","og_site_name":"cabinet d&#039;avocats de Ma\u00eetre St\u00e9phanie TAUZIN et Ma\u00eetre Bettina JOLY","article_modified_time":"2024-02-25T15:09:07+00:00","og_image":[{"url":"https:\/\/www.avocats-cormeilles.com\/wp-content\/uploads\/2023\/03\/02_640_150_Presbytere-de-St-Philippe-du-Roule.jpg","type":"","width":"","height":""}],"twitter_card":"summary_large_image","twitter_misc":{"Dur\u00e9e de lecture estim\u00e9e":"4 minutes"},"schema":{"@context":"https:\/\/schema.org","@graph":[{"@type":"WebPage","@id":"https:\/\/www.avocats-cormeilles.com\/","url":"https:\/\/www.avocats-cormeilles.com\/","name":"Pr\u00e9sentation du cabinet d'avocats - cabinet d&#039;avocats de Ma\u00eetre St\u00e9phanie TAUZIN et Ma\u00eetre Bettina JOLY","isPartOf":{"@id":"https:\/\/www.avocats-cormeilles.com\/#website"},"primaryImageOfPage":{"@id":"https:\/\/www.avocats-cormeilles.com\/#primaryimage"},"image":{"@id":"https:\/\/www.avocats-cormeilles.com\/#primaryimage"},"thumbnailUrl":"https:\/\/www.avocats-cormeilles.com\/wp-content\/uploads\/2023\/03\/02_640_150_Presbytere-de-St-Philippe-du-Roule.jpg","datePublished":"2021-12-02T15:50:42+00:00","dateModified":"2024-02-25T15:09:07+00:00","breadcrumb":{"@id":"https:\/\/www.avocats-cormeilles.com\/#breadcrumb"},"inLanguage":"fr-FR","potentialAction":[{"@type":"ReadAction","target":["https:\/\/www.avocats-cormeilles.com\/"]}]},{"@type":"ImageObject","inLanguage":"fr-FR","@id":"https:\/\/www.avocats-cormeilles.com\/#primaryimage","url":"https:\/\/www.avocats-cormeilles.com\/wp-content\/uploads\/2023\/03\/02_640_150_Presbytere-de-St-Philippe-du-Roule.jpg","contentUrl":"https:\/\/www.avocats-cormeilles.com\/wp-content\/uploads\/2023\/03\/02_640_150_Presbytere-de-St-Philippe-du-Roule.jpg","width":640,"height":150},{"@type":"BreadcrumbList","@id":"https:\/\/www.avocats-cormeilles.com\/#breadcrumb","itemListElement":[{"@type":"ListItem","position":1,"name":"Accueil","item":"https:\/\/www.avocats-cormeilles.com\/"},{"@type":"ListItem","position":2,"name":"Pr\u00e9sentation du cabinet d&rsquo;avocats"}]},{"@type":"WebSite","@id":"https:\/\/www.avocats-cormeilles.com\/#website","url":"https:\/\/www.avocats-cormeilles.com\/","name":"cabinet d&#039;avocats de Ma\u00eetre St\u00e9phanie TAUZIN et Ma\u00eetre Bettina JOLY","description":"95240 Cormeilles","publisher":{"@id":"https:\/\/www.avocats-cormeilles.com\/#organization"},"potentialAction":[{"@type":"SearchAction","target":{"@type":"EntryPoint","urlTemplate":"https:\/\/www.avocats-cormeilles.com\/?s={search_term_string}"},"query-input":{"@type":"PropertyValueSpecification","valueRequired":true,"valueName":"search_term_string"}}],"inLanguage":"fr-FR"},{"@type":"Organization","@id":"https:\/\/www.avocats-cormeilles.com\/#organization","name":"Cabinet d'avocats de Bettina JOLY et St\u00e9phanie TAUZIN \u00e0 Cormeilles 95240","url":"https:\/\/www.avocats-cormeilles.com\/","logo":{"@type":"ImageObject","inLanguage":"fr-FR","@id":"https:\/\/www.avocats-cormeilles.com\/#\/schema\/logo\/image\/","url":"https:\/\/www.avocats-cormeilles.com\/wp-content\/uploads\/2021\/12\/logo.jpg","contentUrl":"https:\/\/www.avocats-cormeilles.com\/wp-content\/uploads\/2021\/12\/logo.jpg","width":180,"height":100,"caption":"Cabinet d'avocats de Bettina JOLY et St\u00e9phanie TAUZIN \u00e0 Cormeilles 95240"},"image":{"@id":"https:\/\/www.avocats-cormeilles.com\/#\/schema\/logo\/image\/"}}]}},"_links":{"self":[{"href":"https:\/\/www.avocats-cormeilles.com\/index.php\/wp-json\/wp\/v2\/pages\/54","targetHints":{"allow":["GET"]}}],"collection":[{"href":"https:\/\/www.avocats-cormeilles.com\/index.php\/wp-json\/wp\/v2\/pages"}],"about":[{"href":"https:\/\/www.avocats-cormeilles.com\/index.php\/wp-json\/wp\/v2\/types\/page"}],"author":[{"embeddable":true,"href":"https:\/\/www.avocats-cormeilles.com\/index.php\/wp-json\/wp\/v2\/users\/1"}],"replies":[{"embeddable":true,"href":"https:\/\/www.avocats-cormeilles.com\/index.php\/wp-json\/wp\/v2\/comments?post=54"}],"version-history":[{"count":12,"href":"https:\/\/www.avocats-cormeilles.com\/index.php\/wp-json\/wp\/v2\/pages\/54\/revisions"}],"predecessor-version":[{"id":346,"href":"https:\/\/www.avocats-cormeilles.com\/index.php\/wp-json\/wp\/v2\/pages\/54\/revisions\/346"}],"wp:attachment":[{"href":"https:\/\/www.avocats-cormeilles.com\/index.php\/wp-json\/wp\/v2\/media?parent=54"}],"curies":[{"name":"wp","href":"https:\/\/api.w.org\/{rel}","templated":true}]}}