{"id":85,"date":"2021-12-02T17:46:18","date_gmt":"2021-12-02T16:46:18","guid":{"rendered":"https:\/\/www.avocats-cormeilles.com\/?page_id=85"},"modified":"2023-03-14T19:53:16","modified_gmt":"2023-03-14T18:53:16","slug":"acces-cabinet-joly-tauzin","status":"publish","type":"page","link":"https:\/\/www.avocats-cormeilles.com\/index.php\/acces-cabinet-joly-tauzin\/","title":{"rendered":"Acc\u00e9der au cabinet"},"content":{"rendered":"\n<div class=\"wp-block-cover\" style=\"min-height:150px;aspect-ratio:unset;\"><span aria-hidden=\"true\" class=\"wp-block-cover__background has-background-dim-0 has-background-dim\"><\/span><img loading=\"lazy\" decoding=\"async\" width=\"640\" height=\"150\" class=\"wp-block-cover__image-background wp-image-317\" alt=\"\" src=\"https:\/\/www.avocats-cormeilles.com\/wp-content\/uploads\/2023\/03\/03_640_150_Presbytere-de-St-Philippe-du-Roule.jpg\" data-object-fit=\"cover\" srcset=\"https:\/\/www.avocats-cormeilles.com\/wp-content\/uploads\/2023\/03\/03_640_150_Presbytere-de-St-Philippe-du-Roule.jpg 640w, https:\/\/www.avocats-cormeilles.com\/wp-content\/uploads\/2023\/03\/03_640_150_Presbytere-de-St-Philippe-du-Roule-300x70.jpg 300w, https:\/\/www.avocats-cormeilles.com\/wp-content\/uploads\/2023\/03\/03_640_150_Presbytere-de-St-Philippe-du-Roule-230x54.jpg 230w, https:\/\/www.avocats-cormeilles.com\/wp-content\/uploads\/2023\/03\/03_640_150_Presbytere-de-St-Philippe-du-Roule-350x82.jpg 350w, https:\/\/www.avocats-cormeilles.com\/wp-content\/uploads\/2023\/03\/03_640_150_Presbytere-de-St-Philippe-du-Roule-480x113.jpg 480w\" sizes=\"auto, (max-width: 640px) 100vw, 640px\" \/><div class=\"wp-block-cover__inner-container is-layout-flow wp-block-cover-is-layout-flow\">\n<p class=\"has-text-align-center has-large-font-size\"><\/p>\n<\/div><\/div>\n\n\n\n<h2 class=\"has-medium-font-size wp-block-heading\">Pour acc\u00e9der \u00e0 notre cabinet situ\u00e9 15, Avenue FOCH 95240 Cormeilles en Parisis :<\/h2>\n\n\n\n<p>Cliquez sur la carte ci-dessous pour visualiser la situation de Cormeilles-en-Parisis :<\/p>\n\n\n\n<figure class=\"wp-block-image size-full\"><a href=\"https:\/\/www.avocats-cormeilles.com\/wp-content\/uploads\/2021\/12\/carteautoroute.jpg\"><img loading=\"lazy\" decoding=\"async\" width=\"179\" height=\"163\" src=\"https:\/\/www.avocats-cormeilles.com\/wp-content\/uploads\/2021\/12\/carteautoroute_s.jpg\" alt=\"\" class=\"wp-image-21\"\/><\/a><\/figure>\n\n\n\n<h2 class=\"has-medium-font-size wp-block-heading\">En voiture de Paris :<\/h2>\n\n\n\n<ul class=\"wp-block-list\">\n<li>prendre l\u2019A15, direction Cergy Pontoise<\/li>\n\n\n\n<li>sortie 5 : Z.I La Patte d&rsquo;Oie d&rsquo;Herblay \/ Herblay-Nord \/ Beauchamp et suivre Cormeilles-En-Parisis (RD 392)<\/li>\n<\/ul>\n\n\n\n<figure class=\"wp-block-image size-full\"><img loading=\"lazy\" decoding=\"async\" width=\"150\" height=\"118\" src=\"https:\/\/www.avocats-cormeilles.com\/wp-content\/uploads\/2021\/12\/panneauA5.jpg\" alt=\"\" class=\"wp-image-30\"\/><\/figure>\n\n\n\n<h2 class=\"has-medium-font-size wp-block-heading\">En voiture de Pontoise :<\/h2>\n\n\n\n<ul class=\"wp-block-list\">\n<li>prendre l&rsquo;A15, direction Paris<\/li>\n\n\n\n<li>sortie 5 : Cormeilles en Parisis et suivre Cormeilles-En-Parisis<\/li>\n<\/ul>\n\n\n\n<h2 class=\"has-medium-font-size wp-block-heading\">En train de Paris :<\/h2>\n\n\n\n<p>A partir de la Gare Saint-Lazare, prendre la direction de Gisors<\/p>\n\n\n\n<p>Descendre \u00e0 la gare SNCF de Cormeilles-en-Parisis (dur\u00e9e : 19 mn)<\/p>\n\n\n\n<h2 class=\"has-medium-font-size wp-block-heading\">En train de Pontoise :<\/h2>\n\n\n\n<p>A partir de la Gare de Pontoise, prendre la direction de Paris Saint-Lazare<\/p>\n\n\n\n<p>Descendre \u00e0 la gare SNCF de Cormeilles-en-Parisis<\/p>\n\n\n\n<h2 class=\"has-medium-font-size wp-block-heading\">Pour visualiser le trajet en train, cliquez sur une des cartes ci-dessous pour agrandir :<\/h2>\n\n\n\n<figure class=\"wp-block-image size-full\"><a href=\"https:\/\/www.avocats-cormeilles.com\/wp-content\/uploads\/2021\/12\/trajetpariscormeilles.jpg\"><img loading=\"lazy\" decoding=\"async\" width=\"339\" height=\"175\" src=\"https:\/\/www.avocats-cormeilles.com\/wp-content\/uploads\/2021\/12\/trajetpariscormeilles_s.jpg\" alt=\"\" class=\"wp-image-42\" srcset=\"https:\/\/www.avocats-cormeilles.com\/wp-content\/uploads\/2021\/12\/trajetpariscormeilles_s.jpg 339w, https:\/\/www.avocats-cormeilles.com\/wp-content\/uploads\/2021\/12\/trajetpariscormeilles_s-300x155.jpg 300w, https:\/\/www.avocats-cormeilles.com\/wp-content\/uploads\/2021\/12\/trajetpariscormeilles_s-230x119.jpg 230w\" sizes=\"auto, (max-width: 339px) 100vw, 339px\" \/><\/a><\/figure>\n\n\n\n<figure class=\"wp-block-image size-full\"><a href=\"https:\/\/www.avocats-cormeilles.com\/wp-content\/uploads\/2021\/12\/plan.jpg\"><img loading=\"lazy\" decoding=\"async\" width=\"200\" height=\"144\" src=\"https:\/\/www.avocats-cormeilles.com\/wp-content\/uploads\/2021\/12\/plan_s.jpg\" alt=\"\" class=\"wp-image-33\"\/><\/a><\/figure>\n\n\n\n<h2 class=\"has-medium-font-size wp-block-heading\">En BUS :<\/h2>\n\n\n\n<p>Une station de bus se trouve \u00e0 proximit\u00e9 du cabinet sur la RD 392<\/p>\n\n\n\n<p><a href=\"Images\/ficheinfobusoptile.jpg\">Consulter la fiche d&rsquo;information<\/a><\/p>\n\n\n\n<h2 class=\"has-medium-font-size wp-block-heading\">Localisation du cabinet dans Cormeilles-en-Parisis (cliquez pour agrandir) :<a href=\"Images\/cartecormeilles.jpg\"><\/a><\/h2>\n\n\n\n<figure class=\"wp-block-image size-full\"><a href=\"https:\/\/www.avocats-cormeilles.com\/wp-content\/uploads\/2021\/12\/cartecormeilles.jpg\"><img loading=\"lazy\" decoding=\"async\" width=\"195\" height=\"166\" src=\"https:\/\/www.avocats-cormeilles.com\/wp-content\/uploads\/2021\/12\/cartecormeilles_s.jpg\" alt=\"\" class=\"wp-image-23\"\/><\/a><\/figure>\n\n\n\n<h2 class=\"has-medium-font-size wp-block-heading\">Pour se garer :<\/h2>\n\n\n\n<p>Vous avez \u00e0 votre disposition plusieurs parkings \u00e0 proximit\u00e9 du cabinet (consulter la carte satellite pour visualiser les emplacements)<\/p>\n\n\n\n<h2 class=\"has-medium-font-size wp-block-heading\">Carte satellite (<a href=\"https:\/\/www.google.com\/maps\/place\/Cabinet+d'avocats+de+Ma%C3%AEtre+Bettina+Joly+et+Ma%C3%AEtre+St%C3%A9phanie+Tauzin\/@48.970122,2.1948871,426m\/data=!3m2!1e3!5s0x47e661329f8ef30b:0x51cc6bf8502ee852!4m6!3m5!1s0x47e66132a02bbe9d:0x7cee00be25eb0248!8m2!3d48.9699367!4d2.1947006!16s%2Fg%2F1tg6pdzv\">cliquez <\/a>pour ouvrir Google Maps)<a href=\"Images\/carte_satellite.jpg\"><\/a><\/h2>\n\n\n\n<h2 class=\"has-medium-font-size wp-block-heading\">Visualiser le batiment :<a href=\"Images\/batiment.jpg\"><\/a><\/h2>\n\n\n\n<figure class=\"wp-block-image size-full\"><a href=\"https:\/\/www.avocats-cormeilles.com\/wp-content\/uploads\/2021\/12\/batiment.jpg\"><img loading=\"lazy\" decoding=\"async\" width=\"159\" height=\"121\" src=\"https:\/\/www.avocats-cormeilles.com\/wp-content\/uploads\/2021\/12\/batiment_s.jpg\" alt=\"\" class=\"wp-image-14\"\/><\/a><\/figure>\n\n\n\n<h2 class=\"has-medium-font-size wp-block-heading\">Visualiser la porte d&rsquo;entr\u00e9e du cabinet :<a href=\"Images\/porte.jpg\"><\/a><\/h2>\n\n\n\n<figure class=\"wp-block-image size-full\"><a href=\"https:\/\/www.avocats-cormeilles.com\/wp-content\/uploads\/2021\/12\/porte.jpg\"><img loading=\"lazy\" decoding=\"async\" width=\"100\" height=\"133\" src=\"https:\/\/www.avocats-cormeilles.com\/wp-content\/uploads\/2021\/12\/porte_s.jpg\" alt=\"\" class=\"wp-image-37\"\/><\/a><\/figure>\n\n\n<p class=\"wp-block-site-tagline\">95240 Cormeilles<\/p>","protected":false},"excerpt":{"rendered":"<p>Pour acc\u00e9der \u00e0 notre cabinet situ\u00e9 15, Avenue FOCH 95240 Cormeilles en Parisis : Cliquez sur la carte ci-dessous pour visualiser la [&hellip;]<\/p>\n","protected":false},"author":1,"featured_media":0,"parent":0,"menu_order":0,"comment_status":"closed","ping_status":"closed","template":"","meta":{"footnotes":""},"class_list":["post-85","page","type-page","status-publish","hentry"],"yoast_head":"<!-- This site is optimized with the Yoast SEO plugin v27.5 - https:\/\/yoast.com\/product\/yoast-seo-wordpress\/ -->\n<title>Acc\u00e9der au cabinet - cabinet d&#039;avocats de Ma\u00eetre St\u00e9phanie TAUZIN et Ma\u00eetre Bettina JOLY<\/title>\n<meta name=\"description\" content=\"Venir au cabinet d&#039;avocats de Ma\u00eetre St\u00e9phanie TAUZIN et Ma\u00eetre Bettina JOLY \u00e0 Cormeilles-en-Parisis\" \/>\n<meta name=\"robots\" content=\"index, follow, max-snippet:-1, max-image-preview:large, max-video-preview:-1\" \/>\n<link rel=\"canonical\" href=\"https:\/\/www.avocats-cormeilles.com\/index.php\/acces-cabinet-joly-tauzin\/\" \/>\n<meta property=\"og:locale\" content=\"fr_FR\" \/>\n<meta property=\"og:type\" content=\"article\" \/>\n<meta property=\"og:title\" content=\"Acc\u00e9der au cabinet - cabinet d&#039;avocats de Ma\u00eetre St\u00e9phanie TAUZIN et Ma\u00eetre Bettina JOLY\" \/>\n<meta property=\"og:description\" content=\"Venir au cabinet d&#039;avocats de Ma\u00eetre St\u00e9phanie TAUZIN et Ma\u00eetre Bettina JOLY \u00e0 Cormeilles-en-Parisis\" \/>\n<meta property=\"og:url\" content=\"https:\/\/www.avocats-cormeilles.com\/index.php\/acces-cabinet-joly-tauzin\/\" \/>\n<meta property=\"og:site_name\" content=\"cabinet d&#039;avocats de Ma\u00eetre St\u00e9phanie TAUZIN et Ma\u00eetre Bettina JOLY\" \/>\n<meta property=\"article:modified_time\" content=\"2023-03-14T18:53:16+00:00\" \/>\n<meta property=\"og:image\" content=\"https:\/\/www.avocats-cormeilles.com\/wp-content\/uploads\/2023\/03\/03_640_150_Presbytere-de-St-Philippe-du-Roule.jpg\" \/>\n<meta name=\"twitter:card\" content=\"summary_large_image\" \/>\n<meta name=\"twitter:label1\" content=\"Dur\u00e9e de lecture estim\u00e9e\" \/>\n\t<meta name=\"twitter:data1\" content=\"3 minutes\" \/>\n<script type=\"application\/ld+json\" class=\"yoast-schema-graph\">{\"@context\":\"https:\\\/\\\/schema.org\",\"@graph\":[{\"@type\":\"WebPage\",\"@id\":\"https:\\\/\\\/www.avocats-cormeilles.com\\\/index.php\\\/acces-cabinet-joly-tauzin\\\/\",\"url\":\"https:\\\/\\\/www.avocats-cormeilles.com\\\/index.php\\\/acces-cabinet-joly-tauzin\\\/\",\"name\":\"Acc\u00e9der au cabinet - cabinet d&#039;avocats de Ma\u00eetre St\u00e9phanie TAUZIN et Ma\u00eetre Bettina JOLY\",\"isPartOf\":{\"@id\":\"https:\\\/\\\/www.avocats-cormeilles.com\\\/#website\"},\"primaryImageOfPage\":{\"@id\":\"https:\\\/\\\/www.avocats-cormeilles.com\\\/index.php\\\/acces-cabinet-joly-tauzin\\\/#primaryimage\"},\"image\":{\"@id\":\"https:\\\/\\\/www.avocats-cormeilles.com\\\/index.php\\\/acces-cabinet-joly-tauzin\\\/#primaryimage\"},\"thumbnailUrl\":\"https:\\\/\\\/www.avocats-cormeilles.com\\\/wp-content\\\/uploads\\\/2023\\\/03\\\/03_640_150_Presbytere-de-St-Philippe-du-Roule.jpg\",\"datePublished\":\"2021-12-02T16:46:18+00:00\",\"dateModified\":\"2023-03-14T18:53:16+00:00\",\"description\":\"Venir au cabinet d'avocats de Ma\u00eetre St\u00e9phanie TAUZIN et Ma\u00eetre Bettina JOLY \u00e0 Cormeilles-en-Parisis\",\"breadcrumb\":{\"@id\":\"https:\\\/\\\/www.avocats-cormeilles.com\\\/index.php\\\/acces-cabinet-joly-tauzin\\\/#breadcrumb\"},\"inLanguage\":\"fr-FR\",\"potentialAction\":[{\"@type\":\"ReadAction\",\"target\":[\"https:\\\/\\\/www.avocats-cormeilles.com\\\/index.php\\\/acces-cabinet-joly-tauzin\\\/\"]}]},{\"@type\":\"ImageObject\",\"inLanguage\":\"fr-FR\",\"@id\":\"https:\\\/\\\/www.avocats-cormeilles.com\\\/index.php\\\/acces-cabinet-joly-tauzin\\\/#primaryimage\",\"url\":\"https:\\\/\\\/www.avocats-cormeilles.com\\\/wp-content\\\/uploads\\\/2023\\\/03\\\/03_640_150_Presbytere-de-St-Philippe-du-Roule.jpg\",\"contentUrl\":\"https:\\\/\\\/www.avocats-cormeilles.com\\\/wp-content\\\/uploads\\\/2023\\\/03\\\/03_640_150_Presbytere-de-St-Philippe-du-Roule.jpg\",\"width\":640,\"height\":150},{\"@type\":\"BreadcrumbList\",\"@id\":\"https:\\\/\\\/www.avocats-cormeilles.com\\\/index.php\\\/acces-cabinet-joly-tauzin\\\/#breadcrumb\",\"itemListElement\":[{\"@type\":\"ListItem\",\"position\":1,\"name\":\"Accueil\",\"item\":\"https:\\\/\\\/www.avocats-cormeilles.com\\\/\"},{\"@type\":\"ListItem\",\"position\":2,\"name\":\"Acc\u00e9der au cabinet\"}]},{\"@type\":\"WebSite\",\"@id\":\"https:\\\/\\\/www.avocats-cormeilles.com\\\/#website\",\"url\":\"https:\\\/\\\/www.avocats-cormeilles.com\\\/\",\"name\":\"cabinet d&#039;avocats de Ma\u00eetre St\u00e9phanie TAUZIN et Ma\u00eetre Bettina JOLY\",\"description\":\"95240 Cormeilles\",\"publisher\":{\"@id\":\"https:\\\/\\\/www.avocats-cormeilles.com\\\/#organization\"},\"potentialAction\":[{\"@type\":\"SearchAction\",\"target\":{\"@type\":\"EntryPoint\",\"urlTemplate\":\"https:\\\/\\\/www.avocats-cormeilles.com\\\/?s={search_term_string}\"},\"query-input\":{\"@type\":\"PropertyValueSpecification\",\"valueRequired\":true,\"valueName\":\"search_term_string\"}}],\"inLanguage\":\"fr-FR\"},{\"@type\":\"Organization\",\"@id\":\"https:\\\/\\\/www.avocats-cormeilles.com\\\/#organization\",\"name\":\"Cabinet d'avocats de Bettina JOLY et St\u00e9phanie TAUZIN \u00e0 Cormeilles 95240\",\"url\":\"https:\\\/\\\/www.avocats-cormeilles.com\\\/\",\"logo\":{\"@type\":\"ImageObject\",\"inLanguage\":\"fr-FR\",\"@id\":\"https:\\\/\\\/www.avocats-cormeilles.com\\\/#\\\/schema\\\/logo\\\/image\\\/\",\"url\":\"https:\\\/\\\/www.avocats-cormeilles.com\\\/wp-content\\\/uploads\\\/2021\\\/12\\\/logo.jpg\",\"contentUrl\":\"https:\\\/\\\/www.avocats-cormeilles.com\\\/wp-content\\\/uploads\\\/2021\\\/12\\\/logo.jpg\",\"width\":180,\"height\":100,\"caption\":\"Cabinet d'avocats de Bettina JOLY et St\u00e9phanie TAUZIN \u00e0 Cormeilles 95240\"},\"image\":{\"@id\":\"https:\\\/\\\/www.avocats-cormeilles.com\\\/#\\\/schema\\\/logo\\\/image\\\/\"}}]}<\/script>\n<!-- \/ Yoast SEO plugin. -->","yoast_head_json":{"title":"Acc\u00e9der au cabinet - cabinet d&#039;avocats de Ma\u00eetre St\u00e9phanie TAUZIN et Ma\u00eetre Bettina JOLY","description":"Venir au cabinet d'avocats de Ma\u00eetre St\u00e9phanie TAUZIN et Ma\u00eetre Bettina JOLY \u00e0 Cormeilles-en-Parisis","robots":{"index":"index","follow":"follow","max-snippet":"max-snippet:-1","max-image-preview":"max-image-preview:large","max-video-preview":"max-video-preview:-1"},"canonical":"https:\/\/www.avocats-cormeilles.com\/index.php\/acces-cabinet-joly-tauzin\/","og_locale":"fr_FR","og_type":"article","og_title":"Acc\u00e9der au cabinet - cabinet d&#039;avocats de Ma\u00eetre St\u00e9phanie TAUZIN et Ma\u00eetre Bettina JOLY","og_description":"Venir au cabinet d'avocats de Ma\u00eetre St\u00e9phanie TAUZIN et Ma\u00eetre Bettina JOLY \u00e0 Cormeilles-en-Parisis","og_url":"https:\/\/www.avocats-cormeilles.com\/index.php\/acces-cabinet-joly-tauzin\/","og_site_name":"cabinet d&#039;avocats de Ma\u00eetre St\u00e9phanie TAUZIN et Ma\u00eetre Bettina JOLY","article_modified_time":"2023-03-14T18:53:16+00:00","og_image":[{"url":"https:\/\/www.avocats-cormeilles.com\/wp-content\/uploads\/2023\/03\/03_640_150_Presbytere-de-St-Philippe-du-Roule.jpg","type":"","width":"","height":""}],"twitter_card":"summary_large_image","twitter_misc":{"Dur\u00e9e de lecture estim\u00e9e":"3 minutes"},"schema":{"@context":"https:\/\/schema.org","@graph":[{"@type":"WebPage","@id":"https:\/\/www.avocats-cormeilles.com\/index.php\/acces-cabinet-joly-tauzin\/","url":"https:\/\/www.avocats-cormeilles.com\/index.php\/acces-cabinet-joly-tauzin\/","name":"Acc\u00e9der au cabinet - cabinet d&#039;avocats de Ma\u00eetre St\u00e9phanie TAUZIN et Ma\u00eetre Bettina JOLY","isPartOf":{"@id":"https:\/\/www.avocats-cormeilles.com\/#website"},"primaryImageOfPage":{"@id":"https:\/\/www.avocats-cormeilles.com\/index.php\/acces-cabinet-joly-tauzin\/#primaryimage"},"image":{"@id":"https:\/\/www.avocats-cormeilles.com\/index.php\/acces-cabinet-joly-tauzin\/#primaryimage"},"thumbnailUrl":"https:\/\/www.avocats-cormeilles.com\/wp-content\/uploads\/2023\/03\/03_640_150_Presbytere-de-St-Philippe-du-Roule.jpg","datePublished":"2021-12-02T16:46:18+00:00","dateModified":"2023-03-14T18:53:16+00:00","description":"Venir au cabinet d'avocats de Ma\u00eetre St\u00e9phanie TAUZIN et Ma\u00eetre Bettina JOLY \u00e0 Cormeilles-en-Parisis","breadcrumb":{"@id":"https:\/\/www.avocats-cormeilles.com\/index.php\/acces-cabinet-joly-tauzin\/#breadcrumb"},"inLanguage":"fr-FR","potentialAction":[{"@type":"ReadAction","target":["https:\/\/www.avocats-cormeilles.com\/index.php\/acces-cabinet-joly-tauzin\/"]}]},{"@type":"ImageObject","inLanguage":"fr-FR","@id":"https:\/\/www.avocats-cormeilles.com\/index.php\/acces-cabinet-joly-tauzin\/#primaryimage","url":"https:\/\/www.avocats-cormeilles.com\/wp-content\/uploads\/2023\/03\/03_640_150_Presbytere-de-St-Philippe-du-Roule.jpg","contentUrl":"https:\/\/www.avocats-cormeilles.com\/wp-content\/uploads\/2023\/03\/03_640_150_Presbytere-de-St-Philippe-du-Roule.jpg","width":640,"height":150},{"@type":"BreadcrumbList","@id":"https:\/\/www.avocats-cormeilles.com\/index.php\/acces-cabinet-joly-tauzin\/#breadcrumb","itemListElement":[{"@type":"ListItem","position":1,"name":"Accueil","item":"https:\/\/www.avocats-cormeilles.com\/"},{"@type":"ListItem","position":2,"name":"Acc\u00e9der au cabinet"}]},{"@type":"WebSite","@id":"https:\/\/www.avocats-cormeilles.com\/#website","url":"https:\/\/www.avocats-cormeilles.com\/","name":"cabinet d&#039;avocats de Ma\u00eetre St\u00e9phanie TAUZIN et Ma\u00eetre Bettina JOLY","description":"95240 Cormeilles","publisher":{"@id":"https:\/\/www.avocats-cormeilles.com\/#organization"},"potentialAction":[{"@type":"SearchAction","target":{"@type":"EntryPoint","urlTemplate":"https:\/\/www.avocats-cormeilles.com\/?s={search_term_string}"},"query-input":{"@type":"PropertyValueSpecification","valueRequired":true,"valueName":"search_term_string"}}],"inLanguage":"fr-FR"},{"@type":"Organization","@id":"https:\/\/www.avocats-cormeilles.com\/#organization","name":"Cabinet d'avocats de Bettina JOLY et St\u00e9phanie TAUZIN \u00e0 Cormeilles 95240","url":"https:\/\/www.avocats-cormeilles.com\/","logo":{"@type":"ImageObject","inLanguage":"fr-FR","@id":"https:\/\/www.avocats-cormeilles.com\/#\/schema\/logo\/image\/","url":"https:\/\/www.avocats-cormeilles.com\/wp-content\/uploads\/2021\/12\/logo.jpg","contentUrl":"https:\/\/www.avocats-cormeilles.com\/wp-content\/uploads\/2021\/12\/logo.jpg","width":180,"height":100,"caption":"Cabinet d'avocats de Bettina JOLY et St\u00e9phanie TAUZIN \u00e0 Cormeilles 95240"},"image":{"@id":"https:\/\/www.avocats-cormeilles.com\/#\/schema\/logo\/image\/"}}]}},"_links":{"self":[{"href":"https:\/\/www.avocats-cormeilles.com\/index.php\/wp-json\/wp\/v2\/pages\/85","targetHints":{"allow":["GET"]}}],"collection":[{"href":"https:\/\/www.avocats-cormeilles.com\/index.php\/wp-json\/wp\/v2\/pages"}],"about":[{"href":"https:\/\/www.avocats-cormeilles.com\/index.php\/wp-json\/wp\/v2\/types\/page"}],"author":[{"embeddable":true,"href":"https:\/\/www.avocats-cormeilles.com\/index.php\/wp-json\/wp\/v2\/users\/1"}],"replies":[{"embeddable":true,"href":"https:\/\/www.avocats-cormeilles.com\/index.php\/wp-json\/wp\/v2\/comments?post=85"}],"version-history":[{"count":8,"href":"https:\/\/www.avocats-cormeilles.com\/index.php\/wp-json\/wp\/v2\/pages\/85\/revisions"}],"predecessor-version":[{"id":341,"href":"https:\/\/www.avocats-cormeilles.com\/index.php\/wp-json\/wp\/v2\/pages\/85\/revisions\/341"}],"wp:attachment":[{"href":"https:\/\/www.avocats-cormeilles.com\/index.php\/wp-json\/wp\/v2\/media?parent=85"}],"curies":[{"name":"wp","href":"https:\/\/api.w.org\/{rel}","templated":true}]}}