{"id":90,"date":"2021-12-02T18:07:12","date_gmt":"2021-12-02T17:07:12","guid":{"rendered":"https:\/\/www.avocats-cormeilles.com\/?page_id=90"},"modified":"2024-02-25T16:52:51","modified_gmt":"2024-02-25T15:52:51","slug":"honoraires-du-cabinet","status":"publish","type":"page","link":"https:\/\/www.avocats-cormeilles.com\/index.php\/honoraires-du-cabinet\/","title":{"rendered":"Honoraires du cabinet"},"content":{"rendered":"\n<div class=\"wp-block-cover is-light\" style=\"min-height:150px;aspect-ratio:unset;\"><span aria-hidden=\"true\" class=\"wp-block-cover__background has-background-dim-0 has-background-dim\"><\/span><img loading=\"lazy\" decoding=\"async\" width=\"640\" height=\"150\" class=\"wp-block-cover__image-background wp-image-321\" alt=\"\" src=\"https:\/\/www.avocats-cormeilles.com\/wp-content\/uploads\/2023\/03\/07_640_150_Paris-vue-du-Pont-du-Carroussel.jpg\" data-object-fit=\"cover\" srcset=\"https:\/\/www.avocats-cormeilles.com\/wp-content\/uploads\/2023\/03\/07_640_150_Paris-vue-du-Pont-du-Carroussel.jpg 640w, https:\/\/www.avocats-cormeilles.com\/wp-content\/uploads\/2023\/03\/07_640_150_Paris-vue-du-Pont-du-Carroussel-300x70.jpg 300w, https:\/\/www.avocats-cormeilles.com\/wp-content\/uploads\/2023\/03\/07_640_150_Paris-vue-du-Pont-du-Carroussel-230x54.jpg 230w, https:\/\/www.avocats-cormeilles.com\/wp-content\/uploads\/2023\/03\/07_640_150_Paris-vue-du-Pont-du-Carroussel-350x82.jpg 350w, https:\/\/www.avocats-cormeilles.com\/wp-content\/uploads\/2023\/03\/07_640_150_Paris-vue-du-Pont-du-Carroussel-480x113.jpg 480w\" sizes=\"auto, (max-width: 640px) 100vw, 640px\" \/><div class=\"wp-block-cover__inner-container is-layout-flow wp-block-cover-is-layout-flow\">\n<p class=\"has-text-align-center has-large-font-size\"><\/p>\n<\/div><\/div>\n\n\n\n<p><br>Les honoraires de l\u2019avocat sont libres.<\/p>\n\n\n\n<p>Cependant, ils sont discut\u00e9s avec le client \u00e0 l\u2019occasion du premier rendez-vous.<\/p>\n\n\n\n<p>L&rsquo;article 10 de la loi du 31 d\u00e9cembre 1971 dispose notamment que :\u00a0\u00bb<em>Les honoraires de consultation, d&rsquo;assistance, de conseil, de r\u00e9daction d&rsquo;actes juridiques sous seing priv\u00e9 et de plaidoirie sont fix\u00e9s en accord avec le client.<\/em><\/p>\n\n\n\n<p><em>A d\u00e9faut de convention entre l&rsquo;avocat et son client, l&rsquo;honoraire est fix\u00e9 selon les usages, en fonction de la situation de fortune du client, de la difficult\u00e9 de l&rsquo;affaire, des frais expos\u00e9s par l&rsquo;avocat, de sa notori\u00e9t\u00e9 et des diligences de celui-ci<\/em>.\u00a0\u00bb<\/p>\n\n\n\n<p>Le cabinet fonctionne sur la base de provision ce qui signifie que la prise en charge et l\u2019\u00e9tude d\u2019une affaire est subordonn\u00e9e au versement d\u2019une provision pr\u00e9alable.<\/p>\n\n\n\n<p>En fonction de la nature de l\u2019affaire et de sa complexit\u00e9, les honoraires sont propos\u00e9s sur une base forfaitaire ou horaire.<\/p>\n\n\n\n<p>Par ailleurs, un honoraire compl\u00e9mentaire dit de r\u00e9sultat peut \u00eatre envisag\u00e9.<\/p>\n\n\n\n<p>Les honoraires feront l\u2019objet d\u2019une convention \u00e9crite.<\/p>\n\n\n\n<p><\/p>\n\n\n\n<h2 class=\"wp-block-heading\" style=\"font-size:30px\">Les Diff\u00e9rents Type D&rsquo;Honoraires Du Cabinet D&rsquo;Avocat<\/h2>\n\n\n\n<p><strong>Combien cela va-t-il me co\u00fbter ?<\/strong><\/p>\n\n\n\n<p>Il est souvent bien difficile de savoir au tout d\u00e9but d&rsquo;une affaire quel en sera le co\u00fbt tout simplement parce que beaucoup d&rsquo;\u00e9l\u00e9ments ne sont pas connus.<\/p>\n\n\n\n<p>Il est n\u00e9anmoins tr\u00e8s important d&rsquo;aborder la question des honoraires d\u00e8s le premier rendez-vous avec l&rsquo;Avocat et, en pratique, outre le cas particulier de l&rsquo;Aide Juridictionnelle, 4 formules peuvent \u00eatre envisag\u00e9es :<\/p>\n\n\n\n<h3 class=\"wp-block-heading has-medium-font-size\"><br>A. L&rsquo;Honoraire \u00ab\u00a0au temps pass\u00e9\u00a0\u00bb.<\/h3>\n\n\n\n<p><br>L&rsquo;Avocat et son client se mettent d\u00e8s le d\u00e9but de leur relation d&rsquo;accord sur une r\u00e9mun\u00e9ration horaire et les honoraires de l&rsquo;avocat r\u00e9sulteront, d&rsquo;une simple multiplication. Il est possible de convenir que l&rsquo;Avocat adressera \u00e0 son client une facture \u00e0 chaque fois que tel ou tel quota d&rsquo;heures sera atteint (par exemple, toutes les 5 heures de travail) ce qui permet un suivi pr\u00e9cis de l&rsquo;\u00e9volution du co\u00fbt du dossier.<\/p>\n\n\n\n<h3 class=\"wp-block-heading has-medium-font-size\">B. L&rsquo;Honoraire \u00ab\u00a0forfaitaire\u00a0\u00bb.<\/h3>\n\n\n\n<p>L&rsquo;Avocat et son client se mettent d\u00e8s le d\u00e9but de leur relation d&rsquo;accord sur une r\u00e9mun\u00e9ration qui est globale et intangible. En pratique, cette formule est utilis\u00e9e pour les proc\u00e9dures simples et soumises \u00e0 peu d&rsquo;al\u00e9as (Par exemple un divorce par consentement mutuel).<\/p>\n\n\n\n<h3 class=\"wp-block-heading has-medium-font-size\">C. L&rsquo;Honoraire \u00ab\u00a0de r\u00e9sultat\u00a0\u00bb<\/h3>\n\n\n\n<p>Contrairement \u00e0 ce qui se pratique dans divers pays dont notamment les \u00c9tats-Unis, le droit fran\u00e7ais interdit purement et simplement le \u00ab\u00a0pacte de quota litis\u00a0\u00bb c&rsquo;est \u00e0 dire la convention par laquelle un Avocat et son Client conviendraient que des honoraires ne seraient d\u00fbs qu&rsquo;en cas de gain du proc\u00e8s et en fonction du r\u00e9sultat obtenu.<br>Il est par contre possible de convenir que quel que soit le r\u00e9sultat obtenu l&rsquo;Avocat percevra un honoraire \u00ab\u00a0minimum\u00a0\u00bb (qui est g\u00e9n\u00e9ralement fix\u00e9 de mani\u00e8re forfaitaire), mais que s&rsquo;il parvient \u00e0 tel ou tel r\u00e9sultat il percevra en outre un honoraire \u00ab\u00a0compl\u00e9mentaire\u00a0\u00bb qui peut-\u00eatre soit forfaitaire soit fonction du r\u00e9sultat obtenu.<br>EXEMPLE : L&rsquo;Avocat charg\u00e9 d&rsquo;obtenir une indemnisation au b\u00e9n\u00e9fice de son client peut convenir avec lui d&rsquo;un honoraire de 800 euros minimum outre 10% du montant de l&rsquo;indemnisation obtenue.<\/p>\n\n\n\n<h3 class=\"wp-block-heading has-medium-font-size\">D. L&rsquo;Abonnement<\/h3>\n\n\n\n<p><br>Certaines prestations juridiques pr\u00e9sentent une p\u00e9riodicit\u00e9 et une r\u00e9gularit\u00e9 qui permettent que soit pass\u00e9 entre l&rsquo;Avocat et son client un v\u00e9ritable contrat d&rsquo;abonnement qui est le plus souvent annuel et permet au Client de b\u00e9n\u00e9ficier, moyennant un honoraire forfaitairement fix\u00e9 en d\u00e9but de p\u00e9riode, des services de son conseil pendant la dur\u00e9e convenue.<br>En pratique, cette formule est le plus souvent utilis\u00e9e en mati\u00e8re de Droit des Soci\u00e9t\u00e9s et de Droit Fiscal.<\/p>\n\n\n\n<h3 class=\"wp-block-heading has-medium-font-size\">E. Aide Juridictionnelle partielle<\/h3>\n\n\n\n<p>Le cabinet accepte d&rsquo;intervenir au titre de l&rsquo;Aide Juridictionnelle.<\/p>\n\n\n\n<p>Toute personne peut b\u00e9n\u00e9ficier de l\u2019Aide Juridictionnelle totale \u00e0 condition qu\u2019elle per\u00e7oive les revenus indiqu\u00e9s ci-dessous :<\/p>\n\n\n\n<figure class=\"wp-block-table\"><table><tbody><tr><td><strong>nombre de personne de votre foyer<\/strong><\/td><td><strong>Revenu fiscal de r\u00e9f\u00e9rence <\/strong><\/td><td>patrimoine mobilier<\/td><td>patrimoine immobilier<\/td><td><strong>PART \u00c0 PAYER PAR LE CLIENT<\/strong><\/td><\/tr><tr><td>1<\/td><td>12712\u20ac<\/td><td>12712\u20ac<\/td><td>38132\u20ac<\/td><td>droit de plaidoirie<br><\/td><\/tr><tr><td>2<\/td><td>15001\u20ac<\/td><td>15001\u20ac<\/td><td>44996\u20ac<\/td><td> droits de plaidoirie<\/td><\/tr><tr><td>3<\/td><td>17289\u20ac<\/td><td>17289\u20ac<\/td><td>51880\u20ac<\/td><td> droits de plaidoirie<\/td><\/tr><tr><td>4<\/td><td>18734\u20ac<\/td><td>18734\u20ac<\/td><td>56195\u20ac<\/td><td> droits de plaidoirie<\/td><\/tr><tr><td>5<\/td><td>20180\u20ac<\/td><td>20180\u20ac<\/td><td>60531\u20ac<\/td><td> droits de plaidoirie<\/td><\/tr><tr><td>6<\/td><td>21625\u20ac<\/td><td>21625\u20ac<\/td><td>64866\u20ac<\/td><td> droits de plaidoirie<\/td><\/tr><\/tbody><\/table><figcaption class=\"wp-element-caption\">Toute personne peut b\u00e9n\u00e9ficier de l\u2019Aide Juridictionnelle partielle \u00e0 condition qu\u2019elle per\u00e7oive les revenus indiqu\u00e9s ci-dessous :<\/figcaption><\/figure>\n\n\n\n<figure class=\"wp-block-table\"><table><tbody><tr><td><strong>nombre de personne de votre foyer<\/strong><\/td><td><strong>Revenu fiscal de r\u00e9f\u00e9rence<\/strong> pour une prise en charge \u00e0 55%<\/td><td><strong>PART \u00c0 PAYER PAR LE CLIENT<\/strong><\/td><td><strong>Revenu fiscal de r\u00e9f\u00e9rence<\/strong> pour une prise en charge \u00e0 25%<\/td><td><strong>PART \u00c0 PAYER PAR LE CLIENT<\/strong><\/td><\/tr><tr><td>1<\/td><td>de 12713 \u00e0 15027\u20ac<\/td><td>45% du co\u00fbt de la proc\u00e9dure<\/td><td>15028 \u00e0 19066\u20ac<\/td><td>75% du co\u00fbt de la proc\u00e9dure+ droits de plaidoirie<\/td><\/tr><tr><td>2<\/td><td>15002 \u00e0 17315\u20ac<\/td><td>45% du co\u00fbt de la proc\u00e9dure<\/td><td>17316 \u00e0 21354\u20ac<\/td><td>75% du co\u00fbt de la proc\u00e9dure+ droits de plaidoirie<\/td><\/tr><tr><td>3<\/td><td>17290 \u00e0 19603\u20ac<\/td><td>45% du co\u00fbt de la proc\u00e9dure<\/td><td>19604 \u00e0 23643\u20ac<\/td><td>75% du co\u00fbt de la proc\u00e9dure+ droits de plaidoirie<\/td><\/tr><tr><td>4<\/td><td>18765 \u00e0 21049\u20ac<\/td><td>45% du co\u00fbt de la proc\u00e9dure<\/td><td>21050 \u00e0 25088\u20ac<\/td><td>75% du co\u00fbt de la proc\u00e9dure+ droits de plaidoirie<\/td><\/tr><tr><td>5<\/td><td>20181 \u00e0 22494\u20ac<\/td><td>45% du co\u00fbt de la proc\u00e9dure<\/td><td>22495 \u00e0 26533\u20ac<\/td><td>75% du co\u00fbt de la proc\u00e9dure+ droits de plaidoirie<\/td><\/tr><tr><td>6<\/td><td>21626 \u00e0 23939\u20ac<\/td><td>45% du co\u00fbt de la proc\u00e9dure<\/td><td>23940 \u00e0 27979\u20ac<\/td><td>75% du co\u00fbt de la proc\u00e9dure+ droits de plaidoirie<\/td><\/tr><\/tbody><\/table><\/figure>\n\n\n\n<p>(Bar\u00eames 2024)<\/p>\n\n\n\n<p><\/p>\n","protected":false},"excerpt":{"rendered":"<p>Les honoraires de l\u2019avocat sont libres. Cependant, ils sont discut\u00e9s avec le client \u00e0 l\u2019occasion du premier rendez-vous. L&rsquo;article 10 de la [&hellip;]<\/p>\n","protected":false},"author":1,"featured_media":0,"parent":0,"menu_order":0,"comment_status":"closed","ping_status":"closed","template":"","meta":{"footnotes":""},"class_list":["post-90","page","type-page","status-publish","hentry"],"yoast_head":"<!-- This site is optimized with the Yoast SEO plugin v27.5 - https:\/\/yoast.com\/product\/yoast-seo-wordpress\/ -->\n<title>Honoraires du cabinet - cabinet d&#039;avocats de Ma\u00eetre St\u00e9phanie TAUZIN et Ma\u00eetre Bettina JOLY<\/title>\n<meta name=\"robots\" content=\"index, follow, max-snippet:-1, max-image-preview:large, max-video-preview:-1\" \/>\n<link rel=\"canonical\" href=\"https:\/\/www.avocats-cormeilles.com\/index.php\/honoraires-du-cabinet\/\" \/>\n<meta property=\"og:locale\" content=\"fr_FR\" \/>\n<meta property=\"og:type\" content=\"article\" \/>\n<meta property=\"og:title\" content=\"Honoraires du cabinet - cabinet d&#039;avocats de Ma\u00eetre St\u00e9phanie TAUZIN et Ma\u00eetre Bettina JOLY\" \/>\n<meta property=\"og:description\" content=\"Les honoraires de l\u2019avocat sont libres. Cependant, ils sont discut\u00e9s avec le client \u00e0 l\u2019occasion du premier rendez-vous. L&rsquo;article 10 de la [&hellip;]\" \/>\n<meta property=\"og:url\" content=\"https:\/\/www.avocats-cormeilles.com\/index.php\/honoraires-du-cabinet\/\" \/>\n<meta property=\"og:site_name\" content=\"cabinet d&#039;avocats de Ma\u00eetre St\u00e9phanie TAUZIN et Ma\u00eetre Bettina JOLY\" \/>\n<meta property=\"article:modified_time\" content=\"2024-02-25T15:52:51+00:00\" \/>\n<meta property=\"og:image\" content=\"https:\/\/www.avocats-cormeilles.com\/wp-content\/uploads\/2023\/03\/07_640_150_Paris-vue-du-Pont-du-Carroussel.jpg\" \/>\n<meta name=\"twitter:card\" content=\"summary_large_image\" \/>\n<meta name=\"twitter:label1\" content=\"Dur\u00e9e de lecture estim\u00e9e\" \/>\n\t<meta name=\"twitter:data1\" content=\"5 minutes\" \/>\n<script type=\"application\/ld+json\" class=\"yoast-schema-graph\">{\"@context\":\"https:\\\/\\\/schema.org\",\"@graph\":[{\"@type\":\"WebPage\",\"@id\":\"https:\\\/\\\/www.avocats-cormeilles.com\\\/index.php\\\/honoraires-du-cabinet\\\/\",\"url\":\"https:\\\/\\\/www.avocats-cormeilles.com\\\/index.php\\\/honoraires-du-cabinet\\\/\",\"name\":\"Honoraires du cabinet - cabinet d&#039;avocats de Ma\u00eetre St\u00e9phanie TAUZIN et Ma\u00eetre Bettina JOLY\",\"isPartOf\":{\"@id\":\"https:\\\/\\\/www.avocats-cormeilles.com\\\/#website\"},\"primaryImageOfPage\":{\"@id\":\"https:\\\/\\\/www.avocats-cormeilles.com\\\/index.php\\\/honoraires-du-cabinet\\\/#primaryimage\"},\"image\":{\"@id\":\"https:\\\/\\\/www.avocats-cormeilles.com\\\/index.php\\\/honoraires-du-cabinet\\\/#primaryimage\"},\"thumbnailUrl\":\"https:\\\/\\\/www.avocats-cormeilles.com\\\/wp-content\\\/uploads\\\/2023\\\/03\\\/07_640_150_Paris-vue-du-Pont-du-Carroussel.jpg\",\"datePublished\":\"2021-12-02T17:07:12+00:00\",\"dateModified\":\"2024-02-25T15:52:51+00:00\",\"breadcrumb\":{\"@id\":\"https:\\\/\\\/www.avocats-cormeilles.com\\\/index.php\\\/honoraires-du-cabinet\\\/#breadcrumb\"},\"inLanguage\":\"fr-FR\",\"potentialAction\":[{\"@type\":\"ReadAction\",\"target\":[\"https:\\\/\\\/www.avocats-cormeilles.com\\\/index.php\\\/honoraires-du-cabinet\\\/\"]}]},{\"@type\":\"ImageObject\",\"inLanguage\":\"fr-FR\",\"@id\":\"https:\\\/\\\/www.avocats-cormeilles.com\\\/index.php\\\/honoraires-du-cabinet\\\/#primaryimage\",\"url\":\"https:\\\/\\\/www.avocats-cormeilles.com\\\/wp-content\\\/uploads\\\/2023\\\/03\\\/07_640_150_Paris-vue-du-Pont-du-Carroussel.jpg\",\"contentUrl\":\"https:\\\/\\\/www.avocats-cormeilles.com\\\/wp-content\\\/uploads\\\/2023\\\/03\\\/07_640_150_Paris-vue-du-Pont-du-Carroussel.jpg\",\"width\":640,\"height\":150},{\"@type\":\"BreadcrumbList\",\"@id\":\"https:\\\/\\\/www.avocats-cormeilles.com\\\/index.php\\\/honoraires-du-cabinet\\\/#breadcrumb\",\"itemListElement\":[{\"@type\":\"ListItem\",\"position\":1,\"name\":\"Accueil\",\"item\":\"https:\\\/\\\/www.avocats-cormeilles.com\\\/\"},{\"@type\":\"ListItem\",\"position\":2,\"name\":\"Honoraires du cabinet\"}]},{\"@type\":\"WebSite\",\"@id\":\"https:\\\/\\\/www.avocats-cormeilles.com\\\/#website\",\"url\":\"https:\\\/\\\/www.avocats-cormeilles.com\\\/\",\"name\":\"cabinet d&#039;avocats de Ma\u00eetre St\u00e9phanie TAUZIN et Ma\u00eetre Bettina JOLY\",\"description\":\"95240 Cormeilles\",\"publisher\":{\"@id\":\"https:\\\/\\\/www.avocats-cormeilles.com\\\/#organization\"},\"potentialAction\":[{\"@type\":\"SearchAction\",\"target\":{\"@type\":\"EntryPoint\",\"urlTemplate\":\"https:\\\/\\\/www.avocats-cormeilles.com\\\/?s={search_term_string}\"},\"query-input\":{\"@type\":\"PropertyValueSpecification\",\"valueRequired\":true,\"valueName\":\"search_term_string\"}}],\"inLanguage\":\"fr-FR\"},{\"@type\":\"Organization\",\"@id\":\"https:\\\/\\\/www.avocats-cormeilles.com\\\/#organization\",\"name\":\"Cabinet d'avocats de Bettina JOLY et St\u00e9phanie TAUZIN \u00e0 Cormeilles 95240\",\"url\":\"https:\\\/\\\/www.avocats-cormeilles.com\\\/\",\"logo\":{\"@type\":\"ImageObject\",\"inLanguage\":\"fr-FR\",\"@id\":\"https:\\\/\\\/www.avocats-cormeilles.com\\\/#\\\/schema\\\/logo\\\/image\\\/\",\"url\":\"https:\\\/\\\/www.avocats-cormeilles.com\\\/wp-content\\\/uploads\\\/2021\\\/12\\\/logo.jpg\",\"contentUrl\":\"https:\\\/\\\/www.avocats-cormeilles.com\\\/wp-content\\\/uploads\\\/2021\\\/12\\\/logo.jpg\",\"width\":180,\"height\":100,\"caption\":\"Cabinet d'avocats de Bettina JOLY et St\u00e9phanie TAUZIN \u00e0 Cormeilles 95240\"},\"image\":{\"@id\":\"https:\\\/\\\/www.avocats-cormeilles.com\\\/#\\\/schema\\\/logo\\\/image\\\/\"}}]}<\/script>\n<!-- \/ Yoast SEO plugin. -->","yoast_head_json":{"title":"Honoraires du cabinet - cabinet d&#039;avocats de Ma\u00eetre St\u00e9phanie TAUZIN et Ma\u00eetre Bettina JOLY","robots":{"index":"index","follow":"follow","max-snippet":"max-snippet:-1","max-image-preview":"max-image-preview:large","max-video-preview":"max-video-preview:-1"},"canonical":"https:\/\/www.avocats-cormeilles.com\/index.php\/honoraires-du-cabinet\/","og_locale":"fr_FR","og_type":"article","og_title":"Honoraires du cabinet - cabinet d&#039;avocats de Ma\u00eetre St\u00e9phanie TAUZIN et Ma\u00eetre Bettina JOLY","og_description":"Les honoraires de l\u2019avocat sont libres. Cependant, ils sont discut\u00e9s avec le client \u00e0 l\u2019occasion du premier rendez-vous. L&rsquo;article 10 de la [&hellip;]","og_url":"https:\/\/www.avocats-cormeilles.com\/index.php\/honoraires-du-cabinet\/","og_site_name":"cabinet d&#039;avocats de Ma\u00eetre St\u00e9phanie TAUZIN et Ma\u00eetre Bettina JOLY","article_modified_time":"2024-02-25T15:52:51+00:00","og_image":[{"url":"https:\/\/www.avocats-cormeilles.com\/wp-content\/uploads\/2023\/03\/07_640_150_Paris-vue-du-Pont-du-Carroussel.jpg","type":"","width":"","height":""}],"twitter_card":"summary_large_image","twitter_misc":{"Dur\u00e9e de lecture estim\u00e9e":"5 minutes"},"schema":{"@context":"https:\/\/schema.org","@graph":[{"@type":"WebPage","@id":"https:\/\/www.avocats-cormeilles.com\/index.php\/honoraires-du-cabinet\/","url":"https:\/\/www.avocats-cormeilles.com\/index.php\/honoraires-du-cabinet\/","name":"Honoraires du cabinet - cabinet d&#039;avocats de Ma\u00eetre St\u00e9phanie TAUZIN et Ma\u00eetre Bettina JOLY","isPartOf":{"@id":"https:\/\/www.avocats-cormeilles.com\/#website"},"primaryImageOfPage":{"@id":"https:\/\/www.avocats-cormeilles.com\/index.php\/honoraires-du-cabinet\/#primaryimage"},"image":{"@id":"https:\/\/www.avocats-cormeilles.com\/index.php\/honoraires-du-cabinet\/#primaryimage"},"thumbnailUrl":"https:\/\/www.avocats-cormeilles.com\/wp-content\/uploads\/2023\/03\/07_640_150_Paris-vue-du-Pont-du-Carroussel.jpg","datePublished":"2021-12-02T17:07:12+00:00","dateModified":"2024-02-25T15:52:51+00:00","breadcrumb":{"@id":"https:\/\/www.avocats-cormeilles.com\/index.php\/honoraires-du-cabinet\/#breadcrumb"},"inLanguage":"fr-FR","potentialAction":[{"@type":"ReadAction","target":["https:\/\/www.avocats-cormeilles.com\/index.php\/honoraires-du-cabinet\/"]}]},{"@type":"ImageObject","inLanguage":"fr-FR","@id":"https:\/\/www.avocats-cormeilles.com\/index.php\/honoraires-du-cabinet\/#primaryimage","url":"https:\/\/www.avocats-cormeilles.com\/wp-content\/uploads\/2023\/03\/07_640_150_Paris-vue-du-Pont-du-Carroussel.jpg","contentUrl":"https:\/\/www.avocats-cormeilles.com\/wp-content\/uploads\/2023\/03\/07_640_150_Paris-vue-du-Pont-du-Carroussel.jpg","width":640,"height":150},{"@type":"BreadcrumbList","@id":"https:\/\/www.avocats-cormeilles.com\/index.php\/honoraires-du-cabinet\/#breadcrumb","itemListElement":[{"@type":"ListItem","position":1,"name":"Accueil","item":"https:\/\/www.avocats-cormeilles.com\/"},{"@type":"ListItem","position":2,"name":"Honoraires du cabinet"}]},{"@type":"WebSite","@id":"https:\/\/www.avocats-cormeilles.com\/#website","url":"https:\/\/www.avocats-cormeilles.com\/","name":"cabinet d&#039;avocats de Ma\u00eetre St\u00e9phanie TAUZIN et Ma\u00eetre Bettina JOLY","description":"95240 Cormeilles","publisher":{"@id":"https:\/\/www.avocats-cormeilles.com\/#organization"},"potentialAction":[{"@type":"SearchAction","target":{"@type":"EntryPoint","urlTemplate":"https:\/\/www.avocats-cormeilles.com\/?s={search_term_string}"},"query-input":{"@type":"PropertyValueSpecification","valueRequired":true,"valueName":"search_term_string"}}],"inLanguage":"fr-FR"},{"@type":"Organization","@id":"https:\/\/www.avocats-cormeilles.com\/#organization","name":"Cabinet d'avocats de Bettina JOLY et St\u00e9phanie TAUZIN \u00e0 Cormeilles 95240","url":"https:\/\/www.avocats-cormeilles.com\/","logo":{"@type":"ImageObject","inLanguage":"fr-FR","@id":"https:\/\/www.avocats-cormeilles.com\/#\/schema\/logo\/image\/","url":"https:\/\/www.avocats-cormeilles.com\/wp-content\/uploads\/2021\/12\/logo.jpg","contentUrl":"https:\/\/www.avocats-cormeilles.com\/wp-content\/uploads\/2021\/12\/logo.jpg","width":180,"height":100,"caption":"Cabinet d'avocats de Bettina JOLY et St\u00e9phanie TAUZIN \u00e0 Cormeilles 95240"},"image":{"@id":"https:\/\/www.avocats-cormeilles.com\/#\/schema\/logo\/image\/"}}]}},"_links":{"self":[{"href":"https:\/\/www.avocats-cormeilles.com\/index.php\/wp-json\/wp\/v2\/pages\/90","targetHints":{"allow":["GET"]}}],"collection":[{"href":"https:\/\/www.avocats-cormeilles.com\/index.php\/wp-json\/wp\/v2\/pages"}],"about":[{"href":"https:\/\/www.avocats-cormeilles.com\/index.php\/wp-json\/wp\/v2\/types\/page"}],"author":[{"embeddable":true,"href":"https:\/\/www.avocats-cormeilles.com\/index.php\/wp-json\/wp\/v2\/users\/1"}],"replies":[{"embeddable":true,"href":"https:\/\/www.avocats-cormeilles.com\/index.php\/wp-json\/wp\/v2\/comments?post=90"}],"version-history":[{"count":12,"href":"https:\/\/www.avocats-cormeilles.com\/index.php\/wp-json\/wp\/v2\/pages\/90\/revisions"}],"predecessor-version":[{"id":354,"href":"https:\/\/www.avocats-cormeilles.com\/index.php\/wp-json\/wp\/v2\/pages\/90\/revisions\/354"}],"wp:attachment":[{"href":"https:\/\/www.avocats-cormeilles.com\/index.php\/wp-json\/wp\/v2\/media?parent=90"}],"curies":[{"name":"wp","href":"https:\/\/api.w.org\/{rel}","templated":true}]}}